{"id":1402,"date":"2022-11-23T14:28:39","date_gmt":"2022-11-23T14:28:39","guid":{"rendered":"https:\/\/lamaisonpalmier.fr\/?page_id=1402"},"modified":"2022-12-08T18:08:03","modified_gmt":"2022-12-08T18:08:03","slug":"application-mobile","status":"publish","type":"page","link":"https:\/\/www.lamaisonpalmier.com\/en\/application-mobile","title":{"rendered":"App"},"content":{"rendered":"<div data-elementor-type=\"wp-page\" data-elementor-id=\"1402\" class=\"elementor elementor-1402\" data-elementor-post-type=\"page\">\n\t\t\t\t\t\t<section class=\"elementor-section elementor-top-section elementor-element elementor-element-6681f23 elementor-section-boxed elementor-section-height-default elementor-section-height-default elementor-invisible\" data-id=\"6681f23\" data-element_type=\"section\" data-settings=\"{&quot;background_background&quot;:&quot;classic&quot;,&quot;animation&quot;:&quot;fadeIn&quot;}\">\n\t\t\t\t\t\t<div class=\"elementor-container elementor-column-gap-default\">\n\t\t\t\t\t<div class=\"elementor-column elementor-col-100 elementor-top-column elementor-element elementor-element-d23ed9b\" data-id=\"d23ed9b\" data-element_type=\"column\">\n\t\t\t<div class=\"elementor-widget-wrap elementor-element-populated\">\n\t\t\t\t\t\t<div class=\"elementor-element elementor-element-d1a1131 elementor-widget elementor-widget-heading\" data-id=\"d1a1131\" data-element_type=\"widget\" data-widget_type=\"heading.default\">\n\t\t\t\t<div class=\"elementor-widget-container\">\n\t\t\t\t\t<h1 class=\"elementor-heading-title elementor-size-default\">La Maison Palmier App<\/h1>\t\t\t\t<\/div>\n\t\t\t\t<\/div>\n\t\t\t\t<div class=\"elementor-element elementor-element-651610b elementor-widget elementor-widget-spacer\" data-id=\"651610b\" data-element_type=\"widget\" data-widget_type=\"spacer.default\">\n\t\t\t\t<div class=\"elementor-widget-container\">\n\t\t\t\t\t\t\t<div class=\"elementor-spacer\">\n\t\t\t<div class=\"elementor-spacer-inner\"><\/div>\n\t\t<\/div>\n\t\t\t\t\t\t<\/div>\n\t\t\t\t<\/div>\n\t\t\t\t<div class=\"elementor-element elementor-element-5d5d8ae elementor-widget elementor-widget-text-editor\" data-id=\"5d5d8ae\" data-element_type=\"widget\" data-widget_type=\"text-editor.default\">\n\t\t\t\t<div class=\"elementor-widget-container\">\n\t\t\t\t\t\t\t\t\t<p style=\"text-align: center\"><b>La Maison Palmier<\/b><\/p><p style=\"text-align: center\"><span style=\"font-weight: 400\">Bring La Maison Palmier\u2019s application with you<\/span><\/p>\t\t\t\t\t\t\t\t<\/div>\n\t\t\t\t<\/div>\n\t\t\t\t\t<\/div>\n\t\t<\/div>\n\t\t\t\t\t<\/div>\n\t\t<\/section>\n\t\t\t\t<section class=\"elementor-section elementor-top-section elementor-element elementor-element-3bd0c69 elementor-section-boxed elementor-section-height-default elementor-section-height-default elementor-invisible\" data-id=\"3bd0c69\" data-element_type=\"section\" data-settings=\"{&quot;background_background&quot;:&quot;classic&quot;,&quot;animation&quot;:&quot;fadeIn&quot;}\">\n\t\t\t\t\t\t<div class=\"elementor-container elementor-column-gap-default\">\n\t\t\t\t\t<div class=\"elementor-column elementor-col-100 elementor-top-column elementor-element elementor-element-6b25a72\" data-id=\"6b25a72\" data-element_type=\"column\">\n\t\t\t<div class=\"elementor-widget-wrap elementor-element-populated\">\n\t\t\t\t\t\t<section class=\"elementor-section elementor-inner-section elementor-element elementor-element-046edad elementor-section-boxed elementor-section-height-default elementor-section-height-default elementor-invisible\" data-id=\"046edad\" data-element_type=\"section\" data-settings=\"{&quot;animation&quot;:&quot;fadeIn&quot;}\">\n\t\t\t\t\t\t<div class=\"elementor-container elementor-column-gap-default\">\n\t\t\t\t\t<div class=\"elementor-column elementor-col-50 elementor-inner-column elementor-element elementor-element-951c197\" data-id=\"951c197\" data-element_type=\"column\">\n\t\t\t<div class=\"elementor-widget-wrap elementor-element-populated\">\n\t\t\t\t\t\t<div class=\"elementor-element elementor-element-c6cc3a1 elementor-widget elementor-widget-heading\" data-id=\"c6cc3a1\" data-element_type=\"widget\" data-widget_type=\"heading.default\">\n\t\t\t\t<div class=\"elementor-widget-container\">\n\t\t\t\t\t<h2 class=\"elementor-heading-title elementor-size-default\">La Maison Palmier application<\/h2>\t\t\t\t<\/div>\n\t\t\t\t<\/div>\n\t\t\t\t<div class=\"elementor-element elementor-element-d2a7e76 elementor-widget elementor-widget-heading\" data-id=\"d2a7e76\" data-element_type=\"widget\" data-widget_type=\"heading.default\">\n\t\t\t\t<div class=\"elementor-widget-container\">\n\t\t\t\t\t<h3 class=\"elementor-heading-title elementor-size-default\">At your fingertips.\n\n<\/h3>\t\t\t\t<\/div>\n\t\t\t\t<\/div>\n\t\t\t\t<div class=\"elementor-element elementor-element-5c0f16b elementor-widget elementor-widget-text-editor\" data-id=\"5c0f16b\" data-element_type=\"widget\" data-widget_type=\"text-editor.default\">\n\t\t\t\t<div class=\"elementor-widget-container\">\n\t\t\t\t\t\t\t\t\t<p><span style=\"color: var( --e-global-color-text );letter-spacing: 1.95px\">Find all information about La Maison Palmier directly on your mobile.<\/span><\/p><p><span style=\"font-weight: 400\">Manage your stay on your smartphone.<br \/><\/span><\/p>\t\t\t\t\t\t\t\t<\/div>\n\t\t\t\t<\/div>\n\t\t\t\t<div class=\"elementor-element elementor-element-5c6c9c9 elementor-align-left elementor-widget elementor-widget-button\" data-id=\"5c6c9c9\" data-element_type=\"widget\" data-widget_type=\"button.default\">\n\t\t\t\t<div class=\"elementor-widget-container\">\n\t\t\t\t\t\t\t\t\t<div class=\"elementor-button-wrapper\">\n\t\t\t\t\t<a class=\"elementor-button elementor-button-link elementor-size-sm\" href=\"https:\/\/palmiers.dsone.io\/dsone\/profile\/893\/page\">\n\t\t\t\t\t\t<span class=\"elementor-button-content-wrapper\">\n\t\t\t\t\t\t\t\t\t<span class=\"elementor-button-text\">DOWNLOAD APP<\/span>\n\t\t\t\t\t<\/span>\n\t\t\t\t\t<\/a>\n\t\t\t\t<\/div>\n\t\t\t\t\t\t\t\t<\/div>\n\t\t\t\t<\/div>\n\t\t\t\t\t<\/div>\n\t\t<\/div>\n\t\t\t\t<div class=\"elementor-column elementor-col-50 elementor-inner-column elementor-element elementor-element-4a71f27\" data-id=\"4a71f27\" data-element_type=\"column\">\n\t\t\t<div class=\"elementor-widget-wrap elementor-element-populated\">\n\t\t\t\t\t\t<div class=\"elementor-element elementor-element-1cea3aa img-portrait elementor-widget elementor-widget-image\" data-id=\"1cea3aa\" data-element_type=\"widget\" data-widget_type=\"image.default\">\n\t\t\t\t<div class=\"elementor-widget-container\">\n\t\t\t\t\t\t\t\t\t\t\t\t\t\t\t<img fetchpriority=\"high\" decoding=\"async\" width=\"1440\" height=\"1800\" src=\"https:\/\/www.lamaisonpalmier.com\/wp-content\/uploads\/2022\/11\/la_maison_palmier_abidjan_boutique_hotel_APP.png\" class=\"attachment-full size-full wp-image-2349\" alt=\"\" srcset=\"https:\/\/www.lamaisonpalmier.com\/wp-content\/uploads\/2022\/11\/la_maison_palmier_abidjan_boutique_hotel_APP.png 1440w, https:\/\/www.lamaisonpalmier.com\/wp-content\/uploads\/2022\/11\/la_maison_palmier_abidjan_boutique_hotel_APP-240x300.png 240w, https:\/\/www.lamaisonpalmier.com\/wp-content\/uploads\/2022\/11\/la_maison_palmier_abidjan_boutique_hotel_APP-819x1024.png 819w, https:\/\/www.lamaisonpalmier.com\/wp-content\/uploads\/2022\/11\/la_maison_palmier_abidjan_boutique_hotel_APP-768x960.png 768w, https:\/\/www.lamaisonpalmier.com\/wp-content\/uploads\/2022\/11\/la_maison_palmier_abidjan_boutique_hotel_APP-1229x1536.png 1229w, https:\/\/www.lamaisonpalmier.com\/wp-content\/uploads\/2022\/11\/la_maison_palmier_abidjan_boutique_hotel_APP-10x12.png 10w\" sizes=\"(max-width: 1440px) 100vw, 1440px\" \/>\t\t\t\t\t\t\t\t\t\t\t\t\t\t\t<\/div>\n\t\t\t\t<\/div>\n\t\t\t\t\t<\/div>\n\t\t<\/div>\n\t\t\t\t\t<\/div>\n\t\t<\/section>\n\t\t\t\t\t<\/div>\n\t\t<\/div>\n\t\t\t\t\t<\/div>\n\t\t<\/section>\n\t\t\t\t<section class=\"elementor-section elementor-top-section elementor-element elementor-element-eaaa792 elementor-section-boxed elementor-section-height-default elementor-section-height-default elementor-invisible\" data-id=\"eaaa792\" data-element_type=\"section\" data-settings=\"{&quot;background_background&quot;:&quot;classic&quot;,&quot;animation&quot;:&quot;fadeIn&quot;}\">\n\t\t\t\t\t\t<div class=\"elementor-container elementor-column-gap-default\">\n\t\t\t\t\t<div class=\"elementor-column elementor-col-100 elementor-top-column elementor-element elementor-element-3701554\" data-id=\"3701554\" data-element_type=\"column\">\n\t\t\t<div class=\"elementor-widget-wrap elementor-element-populated\">\n\t\t\t\t\t\t<section class=\"elementor-section elementor-inner-section elementor-element elementor-element-e2c6630 elementor-section-height-min-height elementor-section-boxed elementor-section-height-default\" data-id=\"e2c6630\" data-element_type=\"section\">\n\t\t\t\t\t\t<div class=\"elementor-container elementor-column-gap-default\">\n\t\t\t\t\t<div class=\"elementor-column elementor-col-33 elementor-inner-column elementor-element elementor-element-4e94969\" data-id=\"4e94969\" data-element_type=\"column\">\n\t\t\t<div class=\"elementor-widget-wrap elementor-element-populated\">\n\t\t\t\t\t\t<div class=\"elementor-element elementor-element-e79b5ff img-portrait3 elementor-widget elementor-widget-image\" data-id=\"e79b5ff\" data-element_type=\"widget\" data-widget_type=\"image.default\">\n\t\t\t\t<div class=\"elementor-widget-container\">\n\t\t\t\t\t\t\t\t\t\t\t\t\t\t\t\t<a href=\"https:\/\/www.lamaisonpalmier.com\/en\/rooms-suites\">\n\t\t\t\t\t\t\t<img decoding=\"async\" width=\"1440\" height=\"1800\" src=\"https:\/\/www.lamaisonpalmier.com\/wp-content\/uploads\/2022\/11\/la_maison_palmier_abidjan_boutique_hotel_CHAMBRES_SUITE_.jpg\" class=\"attachment-full size-full wp-image-2392\" alt=\"Chambre Suite junior la maison palmier Abidjan, hotel La Maison Palmier, d\u00e9coration, luxury chambre, couleurs, salle de bain, d\u00e9tails\" srcset=\"https:\/\/www.lamaisonpalmier.com\/wp-content\/uploads\/2022\/11\/la_maison_palmier_abidjan_boutique_hotel_CHAMBRES_SUITE_.jpg 1440w, https:\/\/www.lamaisonpalmier.com\/wp-content\/uploads\/2022\/11\/la_maison_palmier_abidjan_boutique_hotel_CHAMBRES_SUITE_-240x300.jpg 240w, https:\/\/www.lamaisonpalmier.com\/wp-content\/uploads\/2022\/11\/la_maison_palmier_abidjan_boutique_hotel_CHAMBRES_SUITE_-819x1024.jpg 819w, https:\/\/www.lamaisonpalmier.com\/wp-content\/uploads\/2022\/11\/la_maison_palmier_abidjan_boutique_hotel_CHAMBRES_SUITE_-768x960.jpg 768w, https:\/\/www.lamaisonpalmier.com\/wp-content\/uploads\/2022\/11\/la_maison_palmier_abidjan_boutique_hotel_CHAMBRES_SUITE_-1229x1536.jpg 1229w, https:\/\/www.lamaisonpalmier.com\/wp-content\/uploads\/2022\/11\/la_maison_palmier_abidjan_boutique_hotel_CHAMBRES_SUITE_-10x12.jpg 10w\" sizes=\"(max-width: 1440px) 100vw, 1440px\" \/>\t\t\t\t\t\t\t\t<\/a>\n\t\t\t\t\t\t\t\t\t\t\t\t\t\t\t<\/div>\n\t\t\t\t<\/div>\n\t\t\t\t<div class=\"elementor-element elementor-element-5dd21ef elementor-widget elementor-widget-heading\" data-id=\"5dd21ef\" data-element_type=\"widget\" data-widget_type=\"heading.default\">\n\t\t\t\t<div class=\"elementor-widget-container\">\n\t\t\t\t\t<h2 class=\"elementor-heading-title elementor-size-default\">Chambres &amp; Suites<\/h2>\t\t\t\t<\/div>\n\t\t\t\t<\/div>\n\t\t\t\t<div class=\"elementor-element elementor-element-76ba509 elementor-align-center elementor-widget elementor-widget-button\" data-id=\"76ba509\" data-element_type=\"widget\" data-widget_type=\"button.default\">\n\t\t\t\t<div class=\"elementor-widget-container\">\n\t\t\t\t\t\t\t\t\t<div class=\"elementor-button-wrapper\">\n\t\t\t\t\t<a class=\"elementor-button elementor-button-link elementor-size-sm\" href=\"https:\/\/www.lamaisonpalmier.com\/en\/rooms-suites\">\n\t\t\t\t\t\t<span class=\"elementor-button-content-wrapper\">\n\t\t\t\t\t\t\t\t\t<span class=\"elementor-button-text\">Discover<\/span>\n\t\t\t\t\t<\/span>\n\t\t\t\t\t<\/a>\n\t\t\t\t<\/div>\n\t\t\t\t\t\t\t\t<\/div>\n\t\t\t\t<\/div>\n\t\t\t\t\t<\/div>\n\t\t<\/div>\n\t\t\t\t<div class=\"elementor-column elementor-col-33 elementor-inner-column elementor-element elementor-element-978e8df\" data-id=\"978e8df\" data-element_type=\"column\">\n\t\t\t<div class=\"elementor-widget-wrap elementor-element-populated\">\n\t\t\t\t\t\t<div class=\"elementor-element elementor-element-f02f7c9 img-portrait3 elementor-widget elementor-widget-image\" data-id=\"f02f7c9\" data-element_type=\"widget\" data-widget_type=\"image.default\">\n\t\t\t\t<div class=\"elementor-widget-container\">\n\t\t\t\t\t\t\t\t\t\t\t\t\t\t\t\t<a href=\"https:\/\/www.lamaisonpalmier.com\/en\/restaurant-le-bistrot-palmier\">\n\t\t\t\t\t\t\t<img decoding=\"async\" width=\"1440\" height=\"1800\" src=\"https:\/\/www.lamaisonpalmier.com\/wp-content\/uploads\/2022\/11\/la_maison_palmier_abidjan_boutique_hotel_RESTAURANT_LE_BISTROT_PALMIER-1.jpg\" class=\"attachment-full size-full wp-image-2393\" alt=\"La Maison Palmier Menu, La Maison Palmier Abidjan restaurant Menu. Carte du Restaurant Le Bistrot Palmier.\" srcset=\"https:\/\/www.lamaisonpalmier.com\/wp-content\/uploads\/2022\/11\/la_maison_palmier_abidjan_boutique_hotel_RESTAURANT_LE_BISTROT_PALMIER-1.jpg 1440w, https:\/\/www.lamaisonpalmier.com\/wp-content\/uploads\/2022\/11\/la_maison_palmier_abidjan_boutique_hotel_RESTAURANT_LE_BISTROT_PALMIER-1-240x300.jpg 240w, https:\/\/www.lamaisonpalmier.com\/wp-content\/uploads\/2022\/11\/la_maison_palmier_abidjan_boutique_hotel_RESTAURANT_LE_BISTROT_PALMIER-1-819x1024.jpg 819w, https:\/\/www.lamaisonpalmier.com\/wp-content\/uploads\/2022\/11\/la_maison_palmier_abidjan_boutique_hotel_RESTAURANT_LE_BISTROT_PALMIER-1-768x960.jpg 768w, https:\/\/www.lamaisonpalmier.com\/wp-content\/uploads\/2022\/11\/la_maison_palmier_abidjan_boutique_hotel_RESTAURANT_LE_BISTROT_PALMIER-1-1229x1536.jpg 1229w, https:\/\/www.lamaisonpalmier.com\/wp-content\/uploads\/2022\/11\/la_maison_palmier_abidjan_boutique_hotel_RESTAURANT_LE_BISTROT_PALMIER-1-10x12.jpg 10w\" sizes=\"(max-width: 1440px) 100vw, 1440px\" \/>\t\t\t\t\t\t\t\t<\/a>\n\t\t\t\t\t\t\t\t\t\t\t\t\t\t\t<\/div>\n\t\t\t\t<\/div>\n\t\t\t\t<div class=\"elementor-element elementor-element-5eb4d12 elementor-widget elementor-widget-heading\" data-id=\"5eb4d12\" data-element_type=\"widget\" data-widget_type=\"heading.default\">\n\t\t\t\t<div class=\"elementor-widget-container\">\n\t\t\t\t\t<h2 class=\"elementor-heading-title elementor-size-default\">Le Bistrot Palmier<\/h2>\t\t\t\t<\/div>\n\t\t\t\t<\/div>\n\t\t\t\t<div class=\"elementor-element elementor-element-e27a40f elementor-align-center elementor-widget elementor-widget-button\" data-id=\"e27a40f\" data-element_type=\"widget\" data-widget_type=\"button.default\">\n\t\t\t\t<div class=\"elementor-widget-container\">\n\t\t\t\t\t\t\t\t\t<div class=\"elementor-button-wrapper\">\n\t\t\t\t\t<a class=\"elementor-button elementor-button-link elementor-size-sm\" href=\"https:\/\/www.lamaisonpalmier.com\/en\/restaurant-le-bistrot-palmier\">\n\t\t\t\t\t\t<span class=\"elementor-button-content-wrapper\">\n\t\t\t\t\t\t\t\t\t<span class=\"elementor-button-text\">Discover<\/span>\n\t\t\t\t\t<\/span>\n\t\t\t\t\t<\/a>\n\t\t\t\t<\/div>\n\t\t\t\t\t\t\t\t<\/div>\n\t\t\t\t<\/div>\n\t\t\t\t\t<\/div>\n\t\t<\/div>\n\t\t\t\t<div class=\"elementor-column elementor-col-33 elementor-inner-column elementor-element elementor-element-35daf35\" data-id=\"35daf35\" data-element_type=\"column\">\n\t\t\t<div class=\"elementor-widget-wrap elementor-element-populated\">\n\t\t\t\t\t\t<div class=\"elementor-element elementor-element-c7f83bb img-portrait3 elementor-widget elementor-widget-image\" data-id=\"c7f83bb\" data-element_type=\"widget\" data-widget_type=\"image.default\">\n\t\t\t\t<div class=\"elementor-widget-container\">\n\t\t\t\t\t\t\t\t\t\t\t\t\t\t\t\t<a href=\"https:\/\/www.lamaisonpalmier.com\/en\/le-bar-palmier\">\n\t\t\t\t\t\t\t<img loading=\"lazy\" decoding=\"async\" width=\"1440\" height=\"1800\" src=\"https:\/\/www.lamaisonpalmier.com\/wp-content\/uploads\/2022\/11\/la_maison_palmier_abidjan_boutique_hotel_TERRASSE_BAR.jpg\" class=\"attachment-full size-full wp-image-2396\" alt=\"Bar, cocktails, terrasses parisiennes Abidjan, La Maison Palmier Menu, La Maison Palmier Abidjan restaurant Menu. Carte du Restaurant Le Bistrot Palmier.\" srcset=\"https:\/\/www.lamaisonpalmier.com\/wp-content\/uploads\/2022\/11\/la_maison_palmier_abidjan_boutique_hotel_TERRASSE_BAR.jpg 1440w, https:\/\/www.lamaisonpalmier.com\/wp-content\/uploads\/2022\/11\/la_maison_palmier_abidjan_boutique_hotel_TERRASSE_BAR-240x300.jpg 240w, https:\/\/www.lamaisonpalmier.com\/wp-content\/uploads\/2022\/11\/la_maison_palmier_abidjan_boutique_hotel_TERRASSE_BAR-819x1024.jpg 819w, https:\/\/www.lamaisonpalmier.com\/wp-content\/uploads\/2022\/11\/la_maison_palmier_abidjan_boutique_hotel_TERRASSE_BAR-768x960.jpg 768w, https:\/\/www.lamaisonpalmier.com\/wp-content\/uploads\/2022\/11\/la_maison_palmier_abidjan_boutique_hotel_TERRASSE_BAR-1229x1536.jpg 1229w, https:\/\/www.lamaisonpalmier.com\/wp-content\/uploads\/2022\/11\/la_maison_palmier_abidjan_boutique_hotel_TERRASSE_BAR-10x12.jpg 10w\" sizes=\"(max-width: 1440px) 100vw, 1440px\" \/>\t\t\t\t\t\t\t\t<\/a>\n\t\t\t\t\t\t\t\t\t\t\t\t\t\t\t<\/div>\n\t\t\t\t<\/div>\n\t\t\t\t<div class=\"elementor-element elementor-element-77f4b6b elementor-widget elementor-widget-heading\" data-id=\"77f4b6b\" data-element_type=\"widget\" data-widget_type=\"heading.default\">\n\t\t\t\t<div class=\"elementor-widget-container\">\n\t\t\t\t\t<h2 class=\"elementor-heading-title elementor-size-default\">The bar\n<\/h2>\t\t\t\t<\/div>\n\t\t\t\t<\/div>\n\t\t\t\t<div class=\"elementor-element elementor-element-d415698 elementor-align-center elementor-widget elementor-widget-button\" data-id=\"d415698\" data-element_type=\"widget\" data-widget_type=\"button.default\">\n\t\t\t\t<div class=\"elementor-widget-container\">\n\t\t\t\t\t\t\t\t\t<div class=\"elementor-button-wrapper\">\n\t\t\t\t\t<a class=\"elementor-button elementor-button-link elementor-size-sm\" href=\"https:\/\/www.lamaisonpalmier.com\/en\/le-bar-palmier\">\n\t\t\t\t\t\t<span class=\"elementor-button-content-wrapper\">\n\t\t\t\t\t\t\t\t\t<span class=\"elementor-button-text\">Discover<\/span>\n\t\t\t\t\t<\/span>\n\t\t\t\t\t<\/a>\n\t\t\t\t<\/div>\n\t\t\t\t\t\t\t\t<\/div>\n\t\t\t\t<\/div>\n\t\t\t\t\t<\/div>\n\t\t<\/div>\n\t\t\t\t\t<\/div>\n\t\t<\/section>\n\t\t\t\t\t<\/div>\n\t\t<\/div>\n\t\t\t\t\t<\/div>\n\t\t<\/section>\n\t\t\t\t<\/div>","protected":false},"excerpt":{"rendered":"<p>APP La Maison Palmier La Maison Palmier Emporter avec vous l\u2019application de La Maison Palmier L\u2019application de La maison Palmier \u00c0 port\u00e9e de main. Retrouvez toutes les informations de La Maison Palmier directement dans votre mobile. G\u00e9rez votre s\u00e9jour sur votre smartphone. T\u00c9L\u00c9CHARGER L\u2019APP Chambres &#038; Suites D\u00e9couvrir Le Bistrot Palmier D\u00e9couvrir le bar D\u00e9couvrir<\/p>","protected":false},"author":1,"featured_media":0,"parent":0,"menu_order":0,"comment_status":"closed","ping_status":"closed","template":"elementor_header_footer","meta":{"inline_featured_image":false,"footnotes":""},"class_list":["post-1402","page","type-page","status-publish","hentry"],"yoast_head":"<!-- This site is optimized with the Yoast SEO plugin v26.5 - https:\/\/yoast.com\/wordpress\/plugins\/seo\/ -->\n<title>App - La Maison Palmier<\/title>\n<meta name=\"description\" content=\"La Maison Palmier (Member of Design Hotels) - Application mobile de l&#039;h\u00f4tel de luxe \u00e0 Abidjan, C\u00f4te d&#039;Ivoire.\" \/>\n<meta name=\"robots\" content=\"index, follow, max-snippet:-1, max-image-preview:large, max-video-preview:-1\" \/>\n<link rel=\"canonical\" href=\"https:\/\/www.lamaisonpalmier.com\/en\/application-mobile\" \/>\n<meta property=\"og:locale\" content=\"en_GB\" \/>\n<meta property=\"og:type\" content=\"article\" \/>\n<meta property=\"og:title\" content=\"App - La Maison Palmier\" \/>\n<meta property=\"og:description\" content=\"La Maison Palmier (Member of Design Hotels) - Application mobile de l&#039;h\u00f4tel de luxe \u00e0 Abidjan, C\u00f4te d&#039;Ivoire.\" \/>\n<meta property=\"og:url\" content=\"https:\/\/www.lamaisonpalmier.com\/en\/application-mobile\" \/>\n<meta property=\"og:site_name\" content=\"La Maison Palmier\" \/>\n<meta property=\"article:modified_time\" content=\"2022-12-08T18:08:03+00:00\" \/>\n<meta property=\"og:image\" content=\"https:\/\/www.lamaisonpalmier.com\/wp-content\/uploads\/2022\/11\/la_maison_palmier_abidjan_boutique_hotel_APP.png\" \/>\n<meta name=\"twitter:card\" content=\"summary_large_image\" \/>\n<meta name=\"twitter:label1\" content=\"Estimated reading time\" \/>\n\t<meta name=\"twitter:data1\" content=\"2 minutes\" \/>\n<script type=\"application\/ld+json\" class=\"yoast-schema-graph\">{\"@context\":\"https:\/\/schema.org\",\"@graph\":[{\"@type\":\"WebPage\",\"@id\":\"https:\/\/www.lamaisonpalmier.com\/application-mobile\",\"url\":\"https:\/\/www.lamaisonpalmier.com\/application-mobile\",\"name\":\"App - La Maison Palmier\",\"isPartOf\":{\"@id\":\"https:\/\/lamaisonpalmier.com\/#website\"},\"primaryImageOfPage\":{\"@id\":\"https:\/\/www.lamaisonpalmier.com\/application-mobile#primaryimage\"},\"image\":{\"@id\":\"https:\/\/www.lamaisonpalmier.com\/application-mobile#primaryimage\"},\"thumbnailUrl\":\"https:\/\/www.lamaisonpalmier.com\/wp-content\/uploads\/2022\/11\/la_maison_palmier_abidjan_boutique_hotel_APP.png\",\"datePublished\":\"2022-11-23T14:28:39+00:00\",\"dateModified\":\"2022-12-08T18:08:03+00:00\",\"description\":\"La Maison Palmier (Member of Design Hotels) - Application mobile de l'h\u00f4tel de luxe \u00e0 Abidjan, C\u00f4te d'Ivoire.\",\"breadcrumb\":{\"@id\":\"https:\/\/www.lamaisonpalmier.com\/application-mobile#breadcrumb\"},\"inLanguage\":\"en-GB\",\"potentialAction\":[{\"@type\":\"ReadAction\",\"target\":[\"https:\/\/www.lamaisonpalmier.com\/application-mobile\"]}]},{\"@type\":\"ImageObject\",\"inLanguage\":\"en-GB\",\"@id\":\"https:\/\/www.lamaisonpalmier.com\/application-mobile#primaryimage\",\"url\":\"https:\/\/www.lamaisonpalmier.com\/wp-content\/uploads\/2022\/11\/la_maison_palmier_abidjan_boutique_hotel_APP.png\",\"contentUrl\":\"https:\/\/www.lamaisonpalmier.com\/wp-content\/uploads\/2022\/11\/la_maison_palmier_abidjan_boutique_hotel_APP.png\"},{\"@type\":\"BreadcrumbList\",\"@id\":\"https:\/\/www.lamaisonpalmier.com\/application-mobile#breadcrumb\",\"itemListElement\":[{\"@type\":\"ListItem\",\"position\":1,\"name\":\"Accueil\",\"item\":\"https:\/\/www.lamaisonpalmier.com\/\"},{\"@type\":\"ListItem\",\"position\":2,\"name\":\"App\"}]},{\"@type\":\"WebSite\",\"@id\":\"https:\/\/lamaisonpalmier.com\/#website\",\"url\":\"https:\/\/lamaisonpalmier.com\/\",\"name\":\"La Maison Palmier\",\"description\":\"Boutique H\u00f4tel de Luxe d&#039;Abidjan\",\"potentialAction\":[{\"@type\":\"SearchAction\",\"target\":{\"@type\":\"EntryPoint\",\"urlTemplate\":\"https:\/\/lamaisonpalmier.com\/?s={search_term_string}\"},\"query-input\":{\"@type\":\"PropertyValueSpecification\",\"valueRequired\":true,\"valueName\":\"search_term_string\"}}],\"inLanguage\":\"en-GB\"}]}<\/script>\n<!-- \/ Yoast SEO plugin. -->","yoast_head_json":{"title":"App - La Maison Palmier","description":"La Maison Palmier (Member of Design Hotels) - Application mobile de l'h\u00f4tel de luxe \u00e0 Abidjan, C\u00f4te d'Ivoire.","robots":{"index":"index","follow":"follow","max-snippet":"max-snippet:-1","max-image-preview":"max-image-preview:large","max-video-preview":"max-video-preview:-1"},"canonical":"https:\/\/www.lamaisonpalmier.com\/en\/application-mobile","og_locale":"en_GB","og_type":"article","og_title":"App - La Maison Palmier","og_description":"La Maison Palmier (Member of Design Hotels) - Application mobile de l'h\u00f4tel de luxe \u00e0 Abidjan, C\u00f4te d'Ivoire.","og_url":"https:\/\/www.lamaisonpalmier.com\/en\/application-mobile","og_site_name":"La Maison Palmier","article_modified_time":"2022-12-08T18:08:03+00:00","og_image":[{"url":"https:\/\/www.lamaisonpalmier.com\/wp-content\/uploads\/2022\/11\/la_maison_palmier_abidjan_boutique_hotel_APP.png","type":"","width":"","height":""}],"twitter_card":"summary_large_image","twitter_misc":{"Estimated reading time":"2 minutes"},"schema":{"@context":"https:\/\/schema.org","@graph":[{"@type":"WebPage","@id":"https:\/\/www.lamaisonpalmier.com\/application-mobile","url":"https:\/\/www.lamaisonpalmier.com\/application-mobile","name":"App - La Maison Palmier","isPartOf":{"@id":"https:\/\/lamaisonpalmier.com\/#website"},"primaryImageOfPage":{"@id":"https:\/\/www.lamaisonpalmier.com\/application-mobile#primaryimage"},"image":{"@id":"https:\/\/www.lamaisonpalmier.com\/application-mobile#primaryimage"},"thumbnailUrl":"https:\/\/www.lamaisonpalmier.com\/wp-content\/uploads\/2022\/11\/la_maison_palmier_abidjan_boutique_hotel_APP.png","datePublished":"2022-11-23T14:28:39+00:00","dateModified":"2022-12-08T18:08:03+00:00","description":"La Maison Palmier (Member of Design Hotels) - Application mobile de l'h\u00f4tel de luxe \u00e0 Abidjan, C\u00f4te d'Ivoire.","breadcrumb":{"@id":"https:\/\/www.lamaisonpalmier.com\/application-mobile#breadcrumb"},"inLanguage":"en-GB","potentialAction":[{"@type":"ReadAction","target":["https:\/\/www.lamaisonpalmier.com\/application-mobile"]}]},{"@type":"ImageObject","inLanguage":"en-GB","@id":"https:\/\/www.lamaisonpalmier.com\/application-mobile#primaryimage","url":"https:\/\/www.lamaisonpalmier.com\/wp-content\/uploads\/2022\/11\/la_maison_palmier_abidjan_boutique_hotel_APP.png","contentUrl":"https:\/\/www.lamaisonpalmier.com\/wp-content\/uploads\/2022\/11\/la_maison_palmier_abidjan_boutique_hotel_APP.png"},{"@type":"BreadcrumbList","@id":"https:\/\/www.lamaisonpalmier.com\/application-mobile#breadcrumb","itemListElement":[{"@type":"ListItem","position":1,"name":"Accueil","item":"https:\/\/www.lamaisonpalmier.com\/"},{"@type":"ListItem","position":2,"name":"App"}]},{"@type":"WebSite","@id":"https:\/\/lamaisonpalmier.com\/#website","url":"https:\/\/lamaisonpalmier.com\/","name":"La Maison Palmier","description":"Boutique H\u00f4tel de Luxe d&#039;Abidjan","potentialAction":[{"@type":"SearchAction","target":{"@type":"EntryPoint","urlTemplate":"https:\/\/lamaisonpalmier.com\/?s={search_term_string}"},"query-input":{"@type":"PropertyValueSpecification","valueRequired":true,"valueName":"search_term_string"}}],"inLanguage":"en-GB"}]}},"_links":{"self":[{"href":"https:\/\/www.lamaisonpalmier.com\/en\/wp-json\/wp\/v2\/pages\/1402","targetHints":{"allow":["GET"]}}],"collection":[{"href":"https:\/\/www.lamaisonpalmier.com\/en\/wp-json\/wp\/v2\/pages"}],"about":[{"href":"https:\/\/www.lamaisonpalmier.com\/en\/wp-json\/wp\/v2\/types\/page"}],"author":[{"embeddable":true,"href":"https:\/\/www.lamaisonpalmier.com\/en\/wp-json\/wp\/v2\/users\/1"}],"replies":[{"embeddable":true,"href":"https:\/\/www.lamaisonpalmier.com\/en\/wp-json\/wp\/v2\/comments?post=1402"}],"version-history":[{"count":49,"href":"https:\/\/www.lamaisonpalmier.com\/en\/wp-json\/wp\/v2\/pages\/1402\/revisions"}],"predecessor-version":[{"id":3799,"href":"https:\/\/www.lamaisonpalmier.com\/en\/wp-json\/wp\/v2\/pages\/1402\/revisions\/3799"}],"wp:attachment":[{"href":"https:\/\/www.lamaisonpalmier.com\/en\/wp-json\/wp\/v2\/media?parent=1402"}],"curies":[{"name":"wp","href":"https:\/\/api.w.org\/{rel}","templated":true}]}}