{"id":1832,"date":"2022-11-24T15:40:15","date_gmt":"2022-11-24T15:40:15","guid":{"rendered":"https:\/\/lamaisonpalmier.fr\/?page_id=1832"},"modified":"2022-12-08T18:17:58","modified_gmt":"2022-12-08T18:17:58","slug":"newsletter","status":"publish","type":"page","link":"https:\/\/www.lamaisonpalmier.com\/en\/newsletter","title":{"rendered":"Newsletter"},"content":{"rendered":"<div data-elementor-type=\"wp-page\" data-elementor-id=\"1832\" class=\"elementor elementor-1832\" data-elementor-post-type=\"page\">\n\t\t\t\t\t\t<section class=\"elementor-section elementor-top-section elementor-element elementor-element-6681f23 elementor-section-boxed elementor-section-height-default elementor-section-height-default elementor-invisible\" data-id=\"6681f23\" data-element_type=\"section\" data-settings=\"{&quot;background_background&quot;:&quot;classic&quot;,&quot;animation&quot;:&quot;fadeIn&quot;}\">\n\t\t\t\t\t\t<div class=\"elementor-container elementor-column-gap-default\">\n\t\t\t\t\t<div class=\"elementor-column elementor-col-100 elementor-top-column elementor-element elementor-element-d23ed9b\" data-id=\"d23ed9b\" data-element_type=\"column\">\n\t\t\t<div class=\"elementor-widget-wrap elementor-element-populated\">\n\t\t\t\t\t\t<div class=\"elementor-element elementor-element-d1a1131 elementor-widget elementor-widget-heading\" data-id=\"d1a1131\" data-element_type=\"widget\" data-widget_type=\"heading.default\">\n\t\t\t\t<div class=\"elementor-widget-container\">\n\t\t\t\t\t<h1 class=\"elementor-heading-title elementor-size-default\">Newsletter<\/h1>\t\t\t\t<\/div>\n\t\t\t\t<\/div>\n\t\t\t\t<div class=\"elementor-element elementor-element-5d5d8ae elementor-widget elementor-widget-text-editor\" data-id=\"5d5d8ae\" data-element_type=\"widget\" data-widget_type=\"text-editor.default\">\n\t\t\t\t<div class=\"elementor-widget-container\">\n\t\t\t\t\t\t\t\t\t<p style=\"text-align: center\"><strong>Be the first to know about offers and events at La Maison Palmier.<\/strong><\/p>\t\t\t\t\t\t\t\t<\/div>\n\t\t\t\t<\/div>\n\t\t\t\t\t<\/div>\n\t\t<\/div>\n\t\t\t\t\t<\/div>\n\t\t<\/section>\n\t\t\t\t<section class=\"elementor-section elementor-top-section elementor-element elementor-element-3bd0c69 elementor-section-boxed elementor-section-height-default elementor-section-height-default elementor-invisible\" data-id=\"3bd0c69\" data-element_type=\"section\" data-settings=\"{&quot;background_background&quot;:&quot;classic&quot;,&quot;animation&quot;:&quot;fadeIn&quot;}\">\n\t\t\t\t\t\t<div class=\"elementor-container elementor-column-gap-default\">\n\t\t\t\t\t<div class=\"elementor-column elementor-col-100 elementor-top-column elementor-element elementor-element-6b25a72\" data-id=\"6b25a72\" data-element_type=\"column\">\n\t\t\t<div class=\"elementor-widget-wrap elementor-element-populated\">\n\t\t\t\t\t\t<section class=\"elementor-section elementor-inner-section elementor-element elementor-element-54821e9 elementor-section-boxed elementor-section-height-default elementor-section-height-default elementor-invisible\" data-id=\"54821e9\" data-element_type=\"section\" data-settings=\"{&quot;animation&quot;:&quot;fadeIn&quot;}\">\n\t\t\t\t\t\t<div class=\"elementor-container elementor-column-gap-default\">\n\t\t\t\t\t<div class=\"elementor-column elementor-col-50 elementor-inner-column elementor-element elementor-element-433f0aa\" data-id=\"433f0aa\" data-element_type=\"column\" data-settings=\"{&quot;background_background&quot;:&quot;classic&quot;}\">\n\t\t\t<div class=\"elementor-widget-wrap elementor-element-populated\">\n\t\t\t\t\t\t<div class=\"elementor-element elementor-element-6736d70 elementor-widget elementor-widget-heading\" data-id=\"6736d70\" data-element_type=\"widget\" data-widget_type=\"heading.default\">\n\t\t\t\t<div class=\"elementor-widget-container\">\n\t\t\t\t\t<h2 class=\"elementor-heading-title elementor-size-default\">NEWSLETTER\n<\/h2>\t\t\t\t<\/div>\n\t\t\t\t<\/div>\n\t\t\t\t<div class=\"elementor-element elementor-element-0504624 elementor-widget elementor-widget-text-editor\" data-id=\"0504624\" data-element_type=\"widget\" data-widget_type=\"text-editor.default\">\n\t\t\t\t<div class=\"elementor-widget-container\">\n\t\t\t\t\t\t\t\t\t<p><span style=\"font-weight: 400\">Be among the first <\/span><span style=\"font-weight: 400\">to know<\/span><span style=\"font-weight: 400\">\u00a0about offers and events at La Maison Palmier.<\/span><\/p><p><span style=\"font-weight: 400\">Sign up to receive the latest news, event information, and our best rates.<\/span><\/p>\t\t\t\t\t\t\t\t<\/div>\n\t\t\t\t<\/div>\n\t\t\t\t<div class=\"elementor-element elementor-element-5a08f55 elementor-widget elementor-widget-html\" data-id=\"5a08f55\" data-element_type=\"widget\" data-widget_type=\"html.default\">\n\t\t\t\t<div class=\"elementor-widget-container\">\n\t\t\t\t\t<iframe width=\"540\" height=\"460\" src=\"https:\/\/8a7237e5.sibforms.com\/serve\/MUIEADlE7YppH5jXJxYQVyMJmQ3Cxgj4RSROmrkDW6tAVl1mGIibyAW_EXd7g8nm1l1WWyZ12hFKRk5hZ7G5ppMFv7j2R1yXVCi2hb2F9TUOBmLeq2SkLned2-ypNL4-IcK-qkhUdDkHFgZP0R4owuwRR6XFlyLUJgKEiKO5RPjTbc2vbCfVp3zg1hCE2ZBTfsVIHT9Ccps2EnVT\" frameborder=\"0\" scrolling=\"auto\" allowfullscreen style=\"display: block;margin-left: auto;margin-right: auto;max-width: 100%;\"><\/iframe>\n\t\t\t\t<\/div>\n\t\t\t\t<\/div>\n\t\t\t\t\t<\/div>\n\t\t<\/div>\n\t\t\t\t<div class=\"elementor-column elementor-col-50 elementor-inner-column elementor-element elementor-element-2dbd150\" data-id=\"2dbd150\" data-element_type=\"column\" data-settings=\"{&quot;background_background&quot;:&quot;classic&quot;}\">\n\t\t\t<div class=\"elementor-widget-wrap elementor-element-populated\">\n\t\t\t\t\t\t<div class=\"elementor-element elementor-element-0ea56f4 elementor-widget elementor-widget-spacer\" data-id=\"0ea56f4\" data-element_type=\"widget\" data-widget_type=\"spacer.default\">\n\t\t\t\t<div class=\"elementor-widget-container\">\n\t\t\t\t\t\t\t<div class=\"elementor-spacer\">\n\t\t\t<div class=\"elementor-spacer-inner\"><\/div>\n\t\t<\/div>\n\t\t\t\t\t\t<\/div>\n\t\t\t\t<\/div>\n\t\t\t\t\t<\/div>\n\t\t<\/div>\n\t\t\t\t\t<\/div>\n\t\t<\/section>\n\t\t\t\t\t<\/div>\n\t\t<\/div>\n\t\t\t\t\t<\/div>\n\t\t<\/section>\n\t\t\t\t<section class=\"elementor-section elementor-top-section elementor-element elementor-element-b574fa6 elementor-section-boxed elementor-section-height-default elementor-section-height-default elementor-invisible\" data-id=\"b574fa6\" data-element_type=\"section\" data-settings=\"{&quot;background_background&quot;:&quot;classic&quot;,&quot;animation&quot;:&quot;fadeIn&quot;}\">\n\t\t\t\t\t\t<div class=\"elementor-container elementor-column-gap-default\">\n\t\t\t\t\t<div class=\"elementor-column elementor-col-100 elementor-top-column elementor-element elementor-element-eaa22c2\" data-id=\"eaa22c2\" data-element_type=\"column\">\n\t\t\t<div class=\"elementor-widget-wrap elementor-element-populated\">\n\t\t\t\t\t\t<section class=\"elementor-section elementor-inner-section elementor-element elementor-element-6464a27 elementor-section-height-min-height elementor-section-boxed elementor-section-height-default\" data-id=\"6464a27\" data-element_type=\"section\">\n\t\t\t\t\t\t<div class=\"elementor-container elementor-column-gap-default\">\n\t\t\t\t\t<div class=\"elementor-column elementor-col-33 elementor-inner-column elementor-element elementor-element-a948461\" data-id=\"a948461\" data-element_type=\"column\">\n\t\t\t<div class=\"elementor-widget-wrap elementor-element-populated\">\n\t\t\t\t\t\t<div class=\"elementor-element elementor-element-03f9a94 img-portrait3 elementor-widget elementor-widget-image\" data-id=\"03f9a94\" data-element_type=\"widget\" data-widget_type=\"image.default\">\n\t\t\t\t<div class=\"elementor-widget-container\">\n\t\t\t\t\t\t\t\t\t\t\t\t\t\t\t\t<a href=\"https:\/\/www.lamaisonpalmier.com\/en\/rooms-suites\">\n\t\t\t\t\t\t\t<img fetchpriority=\"high\" decoding=\"async\" width=\"1440\" height=\"1800\" src=\"https:\/\/www.lamaisonpalmier.com\/wp-content\/uploads\/2022\/11\/la_maison_palmier_abidjan_boutique_hotel_CHAMBRES_SUITE_.jpg\" class=\"attachment-full size-full wp-image-2392\" alt=\"Chambre Suite junior la maison palmier Abidjan, hotel La Maison Palmier, d\u00e9coration, luxury chambre, couleurs, salle de bain, d\u00e9tails\" srcset=\"https:\/\/www.lamaisonpalmier.com\/wp-content\/uploads\/2022\/11\/la_maison_palmier_abidjan_boutique_hotel_CHAMBRES_SUITE_.jpg 1440w, https:\/\/www.lamaisonpalmier.com\/wp-content\/uploads\/2022\/11\/la_maison_palmier_abidjan_boutique_hotel_CHAMBRES_SUITE_-240x300.jpg 240w, https:\/\/www.lamaisonpalmier.com\/wp-content\/uploads\/2022\/11\/la_maison_palmier_abidjan_boutique_hotel_CHAMBRES_SUITE_-819x1024.jpg 819w, https:\/\/www.lamaisonpalmier.com\/wp-content\/uploads\/2022\/11\/la_maison_palmier_abidjan_boutique_hotel_CHAMBRES_SUITE_-768x960.jpg 768w, https:\/\/www.lamaisonpalmier.com\/wp-content\/uploads\/2022\/11\/la_maison_palmier_abidjan_boutique_hotel_CHAMBRES_SUITE_-1229x1536.jpg 1229w, https:\/\/www.lamaisonpalmier.com\/wp-content\/uploads\/2022\/11\/la_maison_palmier_abidjan_boutique_hotel_CHAMBRES_SUITE_-10x12.jpg 10w\" sizes=\"(max-width: 1440px) 100vw, 1440px\" \/>\t\t\t\t\t\t\t\t<\/a>\n\t\t\t\t\t\t\t\t\t\t\t\t\t\t\t<\/div>\n\t\t\t\t<\/div>\n\t\t\t\t<div class=\"elementor-element elementor-element-493ac22 elementor-widget elementor-widget-heading\" data-id=\"493ac22\" data-element_type=\"widget\" data-widget_type=\"heading.default\">\n\t\t\t\t<div class=\"elementor-widget-container\">\n\t\t\t\t\t<h2 class=\"elementor-heading-title elementor-size-default\">Chambres &amp; Suites<\/h2>\t\t\t\t<\/div>\n\t\t\t\t<\/div>\n\t\t\t\t<div class=\"elementor-element elementor-element-e506066 elementor-align-center elementor-widget elementor-widget-button\" data-id=\"e506066\" data-element_type=\"widget\" data-widget_type=\"button.default\">\n\t\t\t\t<div class=\"elementor-widget-container\">\n\t\t\t\t\t\t\t\t\t<div class=\"elementor-button-wrapper\">\n\t\t\t\t\t<a class=\"elementor-button elementor-button-link elementor-size-sm\" href=\"https:\/\/www.lamaisonpalmier.com\/en\/rooms-suites\">\n\t\t\t\t\t\t<span class=\"elementor-button-content-wrapper\">\n\t\t\t\t\t\t\t\t\t<span class=\"elementor-button-text\">Discover<\/span>\n\t\t\t\t\t<\/span>\n\t\t\t\t\t<\/a>\n\t\t\t\t<\/div>\n\t\t\t\t\t\t\t\t<\/div>\n\t\t\t\t<\/div>\n\t\t\t\t\t<\/div>\n\t\t<\/div>\n\t\t\t\t<div class=\"elementor-column elementor-col-33 elementor-inner-column elementor-element elementor-element-6c9ed65\" data-id=\"6c9ed65\" data-element_type=\"column\">\n\t\t\t<div class=\"elementor-widget-wrap elementor-element-populated\">\n\t\t\t\t\t\t<div class=\"elementor-element elementor-element-3a3634c img-portrait3 elementor-widget elementor-widget-image\" data-id=\"3a3634c\" data-element_type=\"widget\" data-widget_type=\"image.default\">\n\t\t\t\t<div class=\"elementor-widget-container\">\n\t\t\t\t\t\t\t\t\t\t\t\t\t\t\t\t<a href=\"https:\/\/www.lamaisonpalmier.com\/en\/restaurant-le-bistrot-palmier\">\n\t\t\t\t\t\t\t<img decoding=\"async\" width=\"1440\" height=\"1800\" src=\"https:\/\/www.lamaisonpalmier.com\/wp-content\/uploads\/2022\/11\/la_maison_palmier_abidjan_boutique_hotel_RESTAURANT_LE_BISTROT_PALMIER-1.jpg\" class=\"attachment-full size-full wp-image-2393\" alt=\"La Maison Palmier Menu, La Maison Palmier Abidjan restaurant Menu. Carte du Restaurant Le Bistrot Palmier.\" srcset=\"https:\/\/www.lamaisonpalmier.com\/wp-content\/uploads\/2022\/11\/la_maison_palmier_abidjan_boutique_hotel_RESTAURANT_LE_BISTROT_PALMIER-1.jpg 1440w, https:\/\/www.lamaisonpalmier.com\/wp-content\/uploads\/2022\/11\/la_maison_palmier_abidjan_boutique_hotel_RESTAURANT_LE_BISTROT_PALMIER-1-240x300.jpg 240w, https:\/\/www.lamaisonpalmier.com\/wp-content\/uploads\/2022\/11\/la_maison_palmier_abidjan_boutique_hotel_RESTAURANT_LE_BISTROT_PALMIER-1-819x1024.jpg 819w, https:\/\/www.lamaisonpalmier.com\/wp-content\/uploads\/2022\/11\/la_maison_palmier_abidjan_boutique_hotel_RESTAURANT_LE_BISTROT_PALMIER-1-768x960.jpg 768w, https:\/\/www.lamaisonpalmier.com\/wp-content\/uploads\/2022\/11\/la_maison_palmier_abidjan_boutique_hotel_RESTAURANT_LE_BISTROT_PALMIER-1-1229x1536.jpg 1229w, https:\/\/www.lamaisonpalmier.com\/wp-content\/uploads\/2022\/11\/la_maison_palmier_abidjan_boutique_hotel_RESTAURANT_LE_BISTROT_PALMIER-1-10x12.jpg 10w\" sizes=\"(max-width: 1440px) 100vw, 1440px\" \/>\t\t\t\t\t\t\t\t<\/a>\n\t\t\t\t\t\t\t\t\t\t\t\t\t\t\t<\/div>\n\t\t\t\t<\/div>\n\t\t\t\t<div class=\"elementor-element elementor-element-f39d40a elementor-widget elementor-widget-heading\" data-id=\"f39d40a\" data-element_type=\"widget\" data-widget_type=\"heading.default\">\n\t\t\t\t<div class=\"elementor-widget-container\">\n\t\t\t\t\t<h2 class=\"elementor-heading-title elementor-size-default\">Le Bistrot Palmier<\/h2>\t\t\t\t<\/div>\n\t\t\t\t<\/div>\n\t\t\t\t<div class=\"elementor-element elementor-element-2d1e61f elementor-align-center elementor-widget elementor-widget-button\" data-id=\"2d1e61f\" data-element_type=\"widget\" data-widget_type=\"button.default\">\n\t\t\t\t<div class=\"elementor-widget-container\">\n\t\t\t\t\t\t\t\t\t<div class=\"elementor-button-wrapper\">\n\t\t\t\t\t<a class=\"elementor-button elementor-button-link elementor-size-sm\" href=\"https:\/\/www.lamaisonpalmier.com\/en\/restaurant-le-bistrot-palmier\">\n\t\t\t\t\t\t<span class=\"elementor-button-content-wrapper\">\n\t\t\t\t\t\t\t\t\t<span class=\"elementor-button-text\">Discover<\/span>\n\t\t\t\t\t<\/span>\n\t\t\t\t\t<\/a>\n\t\t\t\t<\/div>\n\t\t\t\t\t\t\t\t<\/div>\n\t\t\t\t<\/div>\n\t\t\t\t\t<\/div>\n\t\t<\/div>\n\t\t\t\t<div class=\"elementor-column elementor-col-33 elementor-inner-column elementor-element elementor-element-c957062\" data-id=\"c957062\" data-element_type=\"column\">\n\t\t\t<div class=\"elementor-widget-wrap elementor-element-populated\">\n\t\t\t\t\t\t<div class=\"elementor-element elementor-element-87524d0 img-portrait3 elementor-widget elementor-widget-image\" data-id=\"87524d0\" data-element_type=\"widget\" data-widget_type=\"image.default\">\n\t\t\t\t<div class=\"elementor-widget-container\">\n\t\t\t\t\t\t\t\t\t\t\t\t\t\t\t\t<a href=\"https:\/\/www.lamaisonpalmier.com\/en\/le-bar-palmier\">\n\t\t\t\t\t\t\t<img decoding=\"async\" width=\"1440\" height=\"1800\" src=\"https:\/\/www.lamaisonpalmier.com\/wp-content\/uploads\/2022\/11\/la_maison_palmier_abidjan_boutique_hotel_TERRASSE_BAR.jpg\" class=\"attachment-full size-full wp-image-2396\" alt=\"Bar, cocktails, terrasses parisiennes Abidjan, La Maison Palmier Menu, La Maison Palmier Abidjan restaurant Menu. Carte du Restaurant Le Bistrot Palmier.\" srcset=\"https:\/\/www.lamaisonpalmier.com\/wp-content\/uploads\/2022\/11\/la_maison_palmier_abidjan_boutique_hotel_TERRASSE_BAR.jpg 1440w, https:\/\/www.lamaisonpalmier.com\/wp-content\/uploads\/2022\/11\/la_maison_palmier_abidjan_boutique_hotel_TERRASSE_BAR-240x300.jpg 240w, https:\/\/www.lamaisonpalmier.com\/wp-content\/uploads\/2022\/11\/la_maison_palmier_abidjan_boutique_hotel_TERRASSE_BAR-819x1024.jpg 819w, https:\/\/www.lamaisonpalmier.com\/wp-content\/uploads\/2022\/11\/la_maison_palmier_abidjan_boutique_hotel_TERRASSE_BAR-768x960.jpg 768w, https:\/\/www.lamaisonpalmier.com\/wp-content\/uploads\/2022\/11\/la_maison_palmier_abidjan_boutique_hotel_TERRASSE_BAR-1229x1536.jpg 1229w, https:\/\/www.lamaisonpalmier.com\/wp-content\/uploads\/2022\/11\/la_maison_palmier_abidjan_boutique_hotel_TERRASSE_BAR-10x12.jpg 10w\" sizes=\"(max-width: 1440px) 100vw, 1440px\" \/>\t\t\t\t\t\t\t\t<\/a>\n\t\t\t\t\t\t\t\t\t\t\t\t\t\t\t<\/div>\n\t\t\t\t<\/div>\n\t\t\t\t<div class=\"elementor-element elementor-element-ce7ce8b elementor-widget elementor-widget-heading\" data-id=\"ce7ce8b\" data-element_type=\"widget\" data-widget_type=\"heading.default\">\n\t\t\t\t<div class=\"elementor-widget-container\">\n\t\t\t\t\t<h2 class=\"elementor-heading-title elementor-size-default\">The bar\n<\/h2>\t\t\t\t<\/div>\n\t\t\t\t<\/div>\n\t\t\t\t<div class=\"elementor-element elementor-element-c58ae08 elementor-align-center elementor-widget elementor-widget-button\" data-id=\"c58ae08\" data-element_type=\"widget\" data-widget_type=\"button.default\">\n\t\t\t\t<div class=\"elementor-widget-container\">\n\t\t\t\t\t\t\t\t\t<div class=\"elementor-button-wrapper\">\n\t\t\t\t\t<a class=\"elementor-button elementor-button-link elementor-size-sm\" href=\"https:\/\/www.lamaisonpalmier.com\/en\/le-bar-palmier\">\n\t\t\t\t\t\t<span class=\"elementor-button-content-wrapper\">\n\t\t\t\t\t\t\t\t\t<span class=\"elementor-button-text\">Discover<\/span>\n\t\t\t\t\t<\/span>\n\t\t\t\t\t<\/a>\n\t\t\t\t<\/div>\n\t\t\t\t\t\t\t\t<\/div>\n\t\t\t\t<\/div>\n\t\t\t\t\t<\/div>\n\t\t<\/div>\n\t\t\t\t\t<\/div>\n\t\t<\/section>\n\t\t\t\t\t<\/div>\n\t\t<\/div>\n\t\t\t\t\t<\/div>\n\t\t<\/section>\n\t\t\t\t<\/div>","protected":false},"excerpt":{"rendered":"<p>Newsletter Soyez les premiers inform\u00e9s des offres et des \u00e9v\u00e8nements de La Maison Palmier. NEWSLETTER Soyez les premiers inform\u00e9s\u00a0des offres et des \u00e9v\u00e8nements de La Maison Palmier. Inscrivez-vous pour recevoir les derni\u00e8res nouvelles, les \u00e9v\u00e8nements et nos meilleurs tarifs. Chambres &#038; Suites D\u00e9couvrir Le Bistrot Palmier D\u00e9couvrir le bar D\u00e9couvrir<\/p>","protected":false},"author":1,"featured_media":0,"parent":0,"menu_order":0,"comment_status":"closed","ping_status":"closed","template":"elementor_header_footer","meta":{"inline_featured_image":false,"footnotes":""},"class_list":["post-1832","page","type-page","status-publish","hentry"],"yoast_head":"<!-- This site is optimized with the Yoast SEO plugin v26.5 - https:\/\/yoast.com\/wordpress\/plugins\/seo\/ -->\n<title>Newsletter - La Maison Palmier<\/title>\n<meta name=\"description\" content=\"Newsletter de La Maison Palmier (Member of Design Hotels) - Le 1er boutique Hotel de Luxe D&#039;Abidjan ! H\u00f4tel de luxe 5 \u00e9toiles dans un cadre unique et design au c\u0153ur d&#039;Abidjan, C\u00f4te d&#039;Ivoire.\" \/>\n<meta name=\"robots\" content=\"index, follow, max-snippet:-1, max-image-preview:large, max-video-preview:-1\" \/>\n<link rel=\"canonical\" href=\"https:\/\/www.lamaisonpalmier.com\/en\/newsletter\" \/>\n<meta property=\"og:locale\" content=\"en_GB\" \/>\n<meta property=\"og:type\" content=\"article\" \/>\n<meta property=\"og:title\" content=\"Newsletter - La Maison Palmier\" \/>\n<meta property=\"og:description\" content=\"Newsletter de La Maison Palmier (Member of Design Hotels) - Le 1er boutique Hotel de Luxe D&#039;Abidjan ! H\u00f4tel de luxe 5 \u00e9toiles dans un cadre unique et design au c\u0153ur d&#039;Abidjan, C\u00f4te d&#039;Ivoire.\" \/>\n<meta property=\"og:url\" content=\"https:\/\/www.lamaisonpalmier.com\/en\/newsletter\" \/>\n<meta property=\"og:site_name\" content=\"La Maison Palmier\" \/>\n<meta property=\"article:modified_time\" content=\"2022-12-08T18:17:58+00:00\" \/>\n<meta property=\"og:image\" content=\"https:\/\/www.lamaisonpalmier.com\/wp-content\/uploads\/2022\/11\/la_maison_palmier_abidjan_boutique_hotel_CHAMBRES_SUITE_.jpg\" \/>\n<meta name=\"twitter:card\" content=\"summary_large_image\" \/>\n<meta name=\"twitter:label1\" content=\"Estimated reading time\" \/>\n\t<meta name=\"twitter:data1\" content=\"1 minute\" \/>\n<script type=\"application\/ld+json\" class=\"yoast-schema-graph\">{\"@context\":\"https:\/\/schema.org\",\"@graph\":[{\"@type\":\"WebPage\",\"@id\":\"https:\/\/www.lamaisonpalmier.com\/newsletter\",\"url\":\"https:\/\/www.lamaisonpalmier.com\/newsletter\",\"name\":\"Newsletter - La Maison Palmier\",\"isPartOf\":{\"@id\":\"https:\/\/lamaisonpalmier.com\/#website\"},\"primaryImageOfPage\":{\"@id\":\"https:\/\/www.lamaisonpalmier.com\/newsletter#primaryimage\"},\"image\":{\"@id\":\"https:\/\/www.lamaisonpalmier.com\/newsletter#primaryimage\"},\"thumbnailUrl\":\"https:\/\/www.lamaisonpalmier.com\/wp-content\/uploads\/2022\/11\/la_maison_palmier_abidjan_boutique_hotel_CHAMBRES_SUITE_.jpg\",\"datePublished\":\"2022-11-24T15:40:15+00:00\",\"dateModified\":\"2022-12-08T18:17:58+00:00\",\"description\":\"Newsletter de La Maison Palmier (Member of Design Hotels) - Le 1er boutique Hotel de Luxe D'Abidjan ! H\u00f4tel de luxe 5 \u00e9toiles dans un cadre unique et design au c\u0153ur d'Abidjan, C\u00f4te d'Ivoire.\",\"breadcrumb\":{\"@id\":\"https:\/\/www.lamaisonpalmier.com\/newsletter#breadcrumb\"},\"inLanguage\":\"en-GB\",\"potentialAction\":[{\"@type\":\"ReadAction\",\"target\":[\"https:\/\/www.lamaisonpalmier.com\/newsletter\"]}]},{\"@type\":\"ImageObject\",\"inLanguage\":\"en-GB\",\"@id\":\"https:\/\/www.lamaisonpalmier.com\/newsletter#primaryimage\",\"url\":\"https:\/\/www.lamaisonpalmier.com\/wp-content\/uploads\/2022\/11\/la_maison_palmier_abidjan_boutique_hotel_CHAMBRES_SUITE_.jpg\",\"contentUrl\":\"https:\/\/www.lamaisonpalmier.com\/wp-content\/uploads\/2022\/11\/la_maison_palmier_abidjan_boutique_hotel_CHAMBRES_SUITE_.jpg\"},{\"@type\":\"BreadcrumbList\",\"@id\":\"https:\/\/www.lamaisonpalmier.com\/newsletter#breadcrumb\",\"itemListElement\":[{\"@type\":\"ListItem\",\"position\":1,\"name\":\"Accueil\",\"item\":\"https:\/\/www.lamaisonpalmier.com\/\"},{\"@type\":\"ListItem\",\"position\":2,\"name\":\"Newsletter\"}]},{\"@type\":\"WebSite\",\"@id\":\"https:\/\/lamaisonpalmier.com\/#website\",\"url\":\"https:\/\/lamaisonpalmier.com\/\",\"name\":\"La Maison Palmier\",\"description\":\"Boutique H\u00f4tel de Luxe d&#039;Abidjan\",\"potentialAction\":[{\"@type\":\"SearchAction\",\"target\":{\"@type\":\"EntryPoint\",\"urlTemplate\":\"https:\/\/lamaisonpalmier.com\/?s={search_term_string}\"},\"query-input\":{\"@type\":\"PropertyValueSpecification\",\"valueRequired\":true,\"valueName\":\"search_term_string\"}}],\"inLanguage\":\"en-GB\"}]}<\/script>\n<!-- \/ Yoast SEO plugin. -->","yoast_head_json":{"title":"Newsletter - La Maison Palmier","description":"Newsletter de La Maison Palmier (Member of Design Hotels) - Le 1er boutique Hotel de Luxe D'Abidjan ! H\u00f4tel de luxe 5 \u00e9toiles dans un cadre unique et design au c\u0153ur d'Abidjan, C\u00f4te d'Ivoire.","robots":{"index":"index","follow":"follow","max-snippet":"max-snippet:-1","max-image-preview":"max-image-preview:large","max-video-preview":"max-video-preview:-1"},"canonical":"https:\/\/www.lamaisonpalmier.com\/en\/newsletter","og_locale":"en_GB","og_type":"article","og_title":"Newsletter - La Maison Palmier","og_description":"Newsletter de La Maison Palmier (Member of Design Hotels) - Le 1er boutique Hotel de Luxe D'Abidjan ! H\u00f4tel de luxe 5 \u00e9toiles dans un cadre unique et design au c\u0153ur d'Abidjan, C\u00f4te d'Ivoire.","og_url":"https:\/\/www.lamaisonpalmier.com\/en\/newsletter","og_site_name":"La Maison Palmier","article_modified_time":"2022-12-08T18:17:58+00:00","og_image":[{"url":"https:\/\/www.lamaisonpalmier.com\/wp-content\/uploads\/2022\/11\/la_maison_palmier_abidjan_boutique_hotel_CHAMBRES_SUITE_.jpg","type":"","width":"","height":""}],"twitter_card":"summary_large_image","twitter_misc":{"Estimated reading time":"1 minute"},"schema":{"@context":"https:\/\/schema.org","@graph":[{"@type":"WebPage","@id":"https:\/\/www.lamaisonpalmier.com\/newsletter","url":"https:\/\/www.lamaisonpalmier.com\/newsletter","name":"Newsletter - La Maison Palmier","isPartOf":{"@id":"https:\/\/lamaisonpalmier.com\/#website"},"primaryImageOfPage":{"@id":"https:\/\/www.lamaisonpalmier.com\/newsletter#primaryimage"},"image":{"@id":"https:\/\/www.lamaisonpalmier.com\/newsletter#primaryimage"},"thumbnailUrl":"https:\/\/www.lamaisonpalmier.com\/wp-content\/uploads\/2022\/11\/la_maison_palmier_abidjan_boutique_hotel_CHAMBRES_SUITE_.jpg","datePublished":"2022-11-24T15:40:15+00:00","dateModified":"2022-12-08T18:17:58+00:00","description":"Newsletter de La Maison Palmier (Member of Design Hotels) - Le 1er boutique Hotel de Luxe D'Abidjan ! H\u00f4tel de luxe 5 \u00e9toiles dans un cadre unique et design au c\u0153ur d'Abidjan, C\u00f4te d'Ivoire.","breadcrumb":{"@id":"https:\/\/www.lamaisonpalmier.com\/newsletter#breadcrumb"},"inLanguage":"en-GB","potentialAction":[{"@type":"ReadAction","target":["https:\/\/www.lamaisonpalmier.com\/newsletter"]}]},{"@type":"ImageObject","inLanguage":"en-GB","@id":"https:\/\/www.lamaisonpalmier.com\/newsletter#primaryimage","url":"https:\/\/www.lamaisonpalmier.com\/wp-content\/uploads\/2022\/11\/la_maison_palmier_abidjan_boutique_hotel_CHAMBRES_SUITE_.jpg","contentUrl":"https:\/\/www.lamaisonpalmier.com\/wp-content\/uploads\/2022\/11\/la_maison_palmier_abidjan_boutique_hotel_CHAMBRES_SUITE_.jpg"},{"@type":"BreadcrumbList","@id":"https:\/\/www.lamaisonpalmier.com\/newsletter#breadcrumb","itemListElement":[{"@type":"ListItem","position":1,"name":"Accueil","item":"https:\/\/www.lamaisonpalmier.com\/"},{"@type":"ListItem","position":2,"name":"Newsletter"}]},{"@type":"WebSite","@id":"https:\/\/lamaisonpalmier.com\/#website","url":"https:\/\/lamaisonpalmier.com\/","name":"La Maison Palmier","description":"Boutique H\u00f4tel de Luxe d&#039;Abidjan","potentialAction":[{"@type":"SearchAction","target":{"@type":"EntryPoint","urlTemplate":"https:\/\/lamaisonpalmier.com\/?s={search_term_string}"},"query-input":{"@type":"PropertyValueSpecification","valueRequired":true,"valueName":"search_term_string"}}],"inLanguage":"en-GB"}]}},"_links":{"self":[{"href":"https:\/\/www.lamaisonpalmier.com\/en\/wp-json\/wp\/v2\/pages\/1832","targetHints":{"allow":["GET"]}}],"collection":[{"href":"https:\/\/www.lamaisonpalmier.com\/en\/wp-json\/wp\/v2\/pages"}],"about":[{"href":"https:\/\/www.lamaisonpalmier.com\/en\/wp-json\/wp\/v2\/types\/page"}],"author":[{"embeddable":true,"href":"https:\/\/www.lamaisonpalmier.com\/en\/wp-json\/wp\/v2\/users\/1"}],"replies":[{"embeddable":true,"href":"https:\/\/www.lamaisonpalmier.com\/en\/wp-json\/wp\/v2\/comments?post=1832"}],"version-history":[{"count":53,"href":"https:\/\/www.lamaisonpalmier.com\/en\/wp-json\/wp\/v2\/pages\/1832\/revisions"}],"predecessor-version":[{"id":3854,"href":"https:\/\/www.lamaisonpalmier.com\/en\/wp-json\/wp\/v2\/pages\/1832\/revisions\/3854"}],"wp:attachment":[{"href":"https:\/\/www.lamaisonpalmier.com\/en\/wp-json\/wp\/v2\/media?parent=1832"}],"curies":[{"name":"wp","href":"https:\/\/api.w.org\/{rel}","templated":true}]}}