{"id":517,"date":"2022-11-17T15:53:31","date_gmt":"2022-11-17T15:53:31","guid":{"rendered":"https:\/\/lamaisonpalmier.fr\/?page_id=517"},"modified":"2022-12-08T18:21:40","modified_gmt":"2022-12-08T18:21:40","slug":"guide-covid-19-de-la-maison-palmier","status":"publish","type":"page","link":"https:\/\/www.lamaisonpalmier.com\/en\/guide-covid-19-de-la-maison-palmier","title":{"rendered":"Guide covid 19"},"content":{"rendered":"<div data-elementor-type=\"wp-page\" data-elementor-id=\"517\" class=\"elementor elementor-517\" data-elementor-post-type=\"page\">\n\t\t\t\t\t\t<section class=\"elementor-section elementor-top-section elementor-element elementor-element-a029944 elementor-section-full_width elementor-section-height-min-height elementor-section-stretched elementor-section-height-default elementor-section-items-middle\" data-id=\"a029944\" data-element_type=\"section\" data-settings=\"{&quot;stretch_section&quot;:&quot;section-stretched&quot;,&quot;background_background&quot;:&quot;slideshow&quot;,&quot;background_slideshow_gallery&quot;:[{&quot;id&quot;:9,&quot;url&quot;:&quot;https:\\\/\\\/lamaisonpalmier.com\\\/wp-content\\\/uploads\\\/2022\\\/10\\\/4-1920x884-1.jpg&quot;}],&quot;background_slideshow_loop&quot;:&quot;yes&quot;,&quot;background_slideshow_slide_duration&quot;:5000,&quot;background_slideshow_slide_transition&quot;:&quot;fade&quot;,&quot;background_slideshow_transition_duration&quot;:500}\">\n\t\t\t\t\t\t<div class=\"elementor-container elementor-column-gap-default\">\n\t\t\t\t\t<div class=\"elementor-column elementor-col-100 elementor-top-column elementor-element elementor-element-b90011b\" data-id=\"b90011b\" data-element_type=\"column\" data-settings=\"{&quot;background_background&quot;:&quot;classic&quot;}\">\n\t\t\t<div class=\"elementor-widget-wrap\">\n\t\t\t\t\t\t\t<\/div>\n\t\t<\/div>\n\t\t\t\t\t<\/div>\n\t\t<\/section>\n\t\t\t\t<section class=\"elementor-section elementor-top-section elementor-element elementor-element-6681f23 elementor-section-boxed elementor-section-height-default elementor-section-height-default elementor-invisible\" data-id=\"6681f23\" data-element_type=\"section\" data-settings=\"{&quot;background_background&quot;:&quot;classic&quot;,&quot;animation&quot;:&quot;fadeIn&quot;}\">\n\t\t\t\t\t\t<div class=\"elementor-container elementor-column-gap-default\">\n\t\t\t\t\t<div class=\"elementor-column elementor-col-100 elementor-top-column elementor-element elementor-element-d23ed9b\" data-id=\"d23ed9b\" data-element_type=\"column\">\n\t\t\t<div class=\"elementor-widget-wrap elementor-element-populated\">\n\t\t\t\t\t\t<div class=\"elementor-element elementor-element-5d5d8ae elementor-widget elementor-widget-text-editor\" data-id=\"5d5d8ae\" data-element_type=\"widget\" data-widget_type=\"text-editor.default\">\n\t\t\t\t<div class=\"elementor-widget-container\">\n\t\t\t\t\t\t\t\t\t<div class=\"gutenburg-content\"><h2>NOTRE ENGAGEMENT POUR VOTRE BIEN-\u00caTRE<\/h2><p>Au cours des derniers mois, nous avons \u00e9t\u00e9 confront\u00e9s \u00e0 des changements et \u00e0 des d\u00e9fis sans pr\u00e9c\u00e9dent suite \u00e0 l\u2019\u00e9pid\u00e9mie sanitaire mondiale li\u00e9e au COVID-19. Pendant cette p\u00e9riode, le bien-\u00eatre et la sant\u00e9 de notre client\u00e8le et collaborateurs ont \u00e9t\u00e9, et resteront notre principale priorit\u00e9. Alors que nous commen\u00e7ons \u00e0 nous adapter \u00e0 une nouvelle forme de normalit\u00e9, nous nous engageons \u00e0 op\u00e9rer au plus haut niveau de vigilance en mati\u00e8re de sant\u00e9 et de s\u00e9curit\u00e9, en garantissant \u00e0 notre client\u00e8le un s\u00e9jour le plus s\u00fbr, le plus confortable et le plus flexible possible, tout en b\u00e9n\u00e9ficiant du niveau de prestation \u00e9lev\u00e9 attendu au sein de la Maison Palmier.<\/p><p>Guid\u00e9s par des experts locaux et internationaux dans le secteur de la sant\u00e9, dont l\u2019Organisation Mondiale de la Sant\u00e9 (OMS), notre programme en mati\u00e8re de sant\u00e9 et de s\u00e9curit\u00e9 offre des normes d\u2019hygi\u00e8ne et de propret\u00e9 renforc\u00e9es au sein de La Maison Palmier. En renfor\u00e7ant des protocoles d\u00e9j\u00e0 rigoureux en termes de sant\u00e9 et de s\u00e9curit\u00e9, nous souhaitons garantir personnellement le bien-\u00eatre de chaque invit\u00e9, visiteur et collaborateur, d\u00e8s l\u2019instant o\u00f9 la r\u00e9servation est confirm\u00e9e et ce jusqu\u2019au d\u00e9part.<\/p><h2>RENFORCEMENT DES PROC\u00c9DURES DE NETTOYAGE &amp; DE D\u00c9SINFECTION<\/h2><p>Nous avons mis en place des mesures d\u2019hygi\u00e8ne et de s\u00e9curit\u00e9 renforc\u00e9es, conform\u00e9ment aux directives \u00e9mises par les autorit\u00e9s sanitaires locales ainsi que par l\u2019Organisation Mondiale de la Sant\u00e9 (OMS). Ces mesures impliquent le nettoyage et la d\u00e9sinfection accrus des points de contact \u00e9lev\u00e9s tels que les halls d\u2019entr\u00e9e, les sanitaires publics ou encore les ascenseurs, ainsi que le nettoyage r\u00e9gulier de tous les filtres \u00e0 air et syst\u00e8mes de climatisation. En accord avec les r\u00e9glementations locales, des contr\u00f4les de temp\u00e9rature seront effectu\u00e9s sur notre client\u00e8le et nos collaborateurs lors de leur arriv\u00e9e \u00e0 l\u2019h\u00f4tel.<\/p><h2>BIEN-ETRE PERSONNALIS\u00c9<\/h2><p>Nos \u00e9tablissements offriront des services alternatifs pour les check-in et check-out, des options permettant de limiter les contacts lors de commandes de restauration en chambre, ainsi que des services de voituriers et de m\u00e9nage adapt\u00e9s aux besoins et au confort de chaque client. Des kits de soin compos\u00e9s de lingettes pour les mains, de gel hydroalcoolique et de masques seront remis \u00e0 chaque client pendant son s\u00e9jour (des gants seront disponibles sur demande). Les normes de distanciation sociale seront respect\u00e9es dans l\u2019ensemble de nos \u00e9tablissements, avec une r\u00e9duction de la capacit\u00e9 d\u2019accueil dans les espaces o\u00f9 cela sera pertinent (lobby, ascenseurs, restaurants, fitness et spa).<\/p><h2>PROTOCOLES EN CHAMBRE<\/h2><p>Nous avons renforc\u00e9 nos proc\u00e9dures de nettoyage dans l\u2019ensemble de nos chambres et suites et avons introduit des mesures de s\u00e9curit\u00e9 suppl\u00e9mentaires. Ces mesures incluent une d\u00e9sinfection compl\u00e8te et en profondeur des espaces ainsi que le changement des allaises et prot\u00e8ge-oreillers entre chaque client.<\/p><h2>PERSONNES D\u2019EXCEPTION, EXP\u00c9RIENCES D\u2019EXCEPTION<\/h2><p>La sant\u00e9 et la s\u00e9curit\u00e9 de nos collaborateurs est une de nos principales priorit\u00e9s pendant cette p\u00e9riode. Des contr\u00f4les permettant de v\u00e9rifier le bien-\u00eatre de chaque collaborateur seront organis\u00e9s, ainsi qu\u2019une formation sur l\u2019utilisation des \u00e9quipements individuels de protection. Conform\u00e9ment aux directives locales, le port du masque est obligatoire. Un r\u00e9f\u00e9rent en sant\u00e9 et s\u00e9curit\u00e9 sera \u00e9galement d\u00e9sign\u00e9 afin de mettre en place et superviser toutes les nouvelles pratiques, proc\u00e9dures et formations.<br \/><br \/>Tous les collaborateurs suivront une formation obligatoire sur la sant\u00e9 et la s\u00e9curit\u00e9, incluant notamment l\u2019apprentissage des protocoles de nettoyage renforc\u00e9s ainsi qu\u2019une formation sur l\u2019hygi\u00e8ne personnelle, garantissant ainsi un environnement de travail s\u00fbr \u00e0 La Maison Palmier.<\/p><\/div>\t\t\t\t\t\t\t\t<\/div>\n\t\t\t\t<\/div>\n\t\t\t\t\t<\/div>\n\t\t<\/div>\n\t\t\t\t\t<\/div>\n\t\t<\/section>\n\t\t\t\t<\/div>","protected":false},"excerpt":{"rendered":"<p>NOTRE ENGAGEMENT POUR VOTRE BIEN-\u00caTRE Au cours des derniers mois, nous avons \u00e9t\u00e9 confront\u00e9s \u00e0 des changements et \u00e0 des d\u00e9fis sans pr\u00e9c\u00e9dent suite \u00e0 l\u2019\u00e9pid\u00e9mie sanitaire mondiale li\u00e9e au COVID-19. Pendant cette p\u00e9riode, le bien-\u00eatre et la sant\u00e9 de notre client\u00e8le et collaborateurs ont \u00e9t\u00e9, et resteront notre principale priorit\u00e9. Alors que nous commen\u00e7ons [&hellip;]<\/p>","protected":false},"author":1,"featured_media":0,"parent":0,"menu_order":0,"comment_status":"closed","ping_status":"closed","template":"elementor_header_footer","meta":{"inline_featured_image":false,"footnotes":""},"class_list":["post-517","page","type-page","status-publish","hentry"],"yoast_head":"<!-- This site is optimized with the Yoast SEO plugin v26.5 - https:\/\/yoast.com\/wordpress\/plugins\/seo\/ -->\n<title>Guide covid 19 - La Maison Palmier<\/title>\n<meta name=\"description\" content=\"Guide Covid 19 de La Maison Palmier (Member of Design Hotels - Pour les voyages d\u2019affaires un h\u00f4tel au c\u0153ur de la capitale \u00e9conomique ivoirienne.\" \/>\n<meta name=\"robots\" content=\"index, follow, max-snippet:-1, max-image-preview:large, max-video-preview:-1\" \/>\n<link rel=\"canonical\" href=\"https:\/\/www.lamaisonpalmier.com\/en\/guide-covid-19-de-la-maison-palmier\" \/>\n<meta property=\"og:locale\" content=\"en_GB\" \/>\n<meta property=\"og:type\" content=\"article\" \/>\n<meta property=\"og:title\" content=\"Guide covid 19 - La Maison Palmier\" \/>\n<meta property=\"og:description\" content=\"Guide Covid 19 de La Maison Palmier (Member of Design Hotels - Pour les voyages d\u2019affaires un h\u00f4tel au c\u0153ur de la capitale \u00e9conomique ivoirienne.\" \/>\n<meta property=\"og:url\" content=\"https:\/\/www.lamaisonpalmier.com\/en\/guide-covid-19-de-la-maison-palmier\" \/>\n<meta property=\"og:site_name\" content=\"La Maison Palmier\" \/>\n<meta property=\"article:modified_time\" content=\"2022-12-08T18:21:40+00:00\" \/>\n<meta name=\"twitter:card\" content=\"summary_large_image\" \/>\n<meta name=\"twitter:label1\" content=\"Estimated reading time\" \/>\n\t<meta name=\"twitter:data1\" content=\"3 minutes\" \/>\n<script type=\"application\/ld+json\" class=\"yoast-schema-graph\">{\"@context\":\"https:\/\/schema.org\",\"@graph\":[{\"@type\":\"WebPage\",\"@id\":\"https:\/\/www.lamaisonpalmier.com\/guide-covid-19-de-la-maison-palmier\",\"url\":\"https:\/\/www.lamaisonpalmier.com\/guide-covid-19-de-la-maison-palmier\",\"name\":\"Guide covid 19 - La Maison Palmier\",\"isPartOf\":{\"@id\":\"https:\/\/lamaisonpalmier.com\/#website\"},\"datePublished\":\"2022-11-17T15:53:31+00:00\",\"dateModified\":\"2022-12-08T18:21:40+00:00\",\"description\":\"Guide Covid 19 de La Maison Palmier (Member of Design Hotels - Pour les voyages d\u2019affaires un h\u00f4tel au c\u0153ur de la capitale \u00e9conomique ivoirienne.\",\"breadcrumb\":{\"@id\":\"https:\/\/www.lamaisonpalmier.com\/guide-covid-19-de-la-maison-palmier#breadcrumb\"},\"inLanguage\":\"en-GB\",\"potentialAction\":[{\"@type\":\"ReadAction\",\"target\":[\"https:\/\/www.lamaisonpalmier.com\/guide-covid-19-de-la-maison-palmier\"]}]},{\"@type\":\"BreadcrumbList\",\"@id\":\"https:\/\/www.lamaisonpalmier.com\/guide-covid-19-de-la-maison-palmier#breadcrumb\",\"itemListElement\":[{\"@type\":\"ListItem\",\"position\":1,\"name\":\"Accueil\",\"item\":\"https:\/\/www.lamaisonpalmier.com\/\"},{\"@type\":\"ListItem\",\"position\":2,\"name\":\"Guide covid 19\"}]},{\"@type\":\"WebSite\",\"@id\":\"https:\/\/lamaisonpalmier.com\/#website\",\"url\":\"https:\/\/lamaisonpalmier.com\/\",\"name\":\"La Maison Palmier\",\"description\":\"Boutique H\u00f4tel de Luxe d&#039;Abidjan\",\"potentialAction\":[{\"@type\":\"SearchAction\",\"target\":{\"@type\":\"EntryPoint\",\"urlTemplate\":\"https:\/\/lamaisonpalmier.com\/?s={search_term_string}\"},\"query-input\":{\"@type\":\"PropertyValueSpecification\",\"valueRequired\":true,\"valueName\":\"search_term_string\"}}],\"inLanguage\":\"en-GB\"}]}<\/script>\n<!-- \/ Yoast SEO plugin. -->","yoast_head_json":{"title":"Guide covid 19 - La Maison Palmier","description":"Guide Covid 19 de La Maison Palmier (Member of Design Hotels - Pour les voyages d\u2019affaires un h\u00f4tel au c\u0153ur de la capitale \u00e9conomique ivoirienne.","robots":{"index":"index","follow":"follow","max-snippet":"max-snippet:-1","max-image-preview":"max-image-preview:large","max-video-preview":"max-video-preview:-1"},"canonical":"https:\/\/www.lamaisonpalmier.com\/en\/guide-covid-19-de-la-maison-palmier","og_locale":"en_GB","og_type":"article","og_title":"Guide covid 19 - La Maison Palmier","og_description":"Guide Covid 19 de La Maison Palmier (Member of Design Hotels - Pour les voyages d\u2019affaires un h\u00f4tel au c\u0153ur de la capitale \u00e9conomique ivoirienne.","og_url":"https:\/\/www.lamaisonpalmier.com\/en\/guide-covid-19-de-la-maison-palmier","og_site_name":"La Maison Palmier","article_modified_time":"2022-12-08T18:21:40+00:00","twitter_card":"summary_large_image","twitter_misc":{"Estimated reading time":"3 minutes"},"schema":{"@context":"https:\/\/schema.org","@graph":[{"@type":"WebPage","@id":"https:\/\/www.lamaisonpalmier.com\/guide-covid-19-de-la-maison-palmier","url":"https:\/\/www.lamaisonpalmier.com\/guide-covid-19-de-la-maison-palmier","name":"Guide covid 19 - La Maison Palmier","isPartOf":{"@id":"https:\/\/lamaisonpalmier.com\/#website"},"datePublished":"2022-11-17T15:53:31+00:00","dateModified":"2022-12-08T18:21:40+00:00","description":"Guide Covid 19 de La Maison Palmier (Member of Design Hotels - Pour les voyages d\u2019affaires un h\u00f4tel au c\u0153ur de la capitale \u00e9conomique ivoirienne.","breadcrumb":{"@id":"https:\/\/www.lamaisonpalmier.com\/guide-covid-19-de-la-maison-palmier#breadcrumb"},"inLanguage":"en-GB","potentialAction":[{"@type":"ReadAction","target":["https:\/\/www.lamaisonpalmier.com\/guide-covid-19-de-la-maison-palmier"]}]},{"@type":"BreadcrumbList","@id":"https:\/\/www.lamaisonpalmier.com\/guide-covid-19-de-la-maison-palmier#breadcrumb","itemListElement":[{"@type":"ListItem","position":1,"name":"Accueil","item":"https:\/\/www.lamaisonpalmier.com\/"},{"@type":"ListItem","position":2,"name":"Guide covid 19"}]},{"@type":"WebSite","@id":"https:\/\/lamaisonpalmier.com\/#website","url":"https:\/\/lamaisonpalmier.com\/","name":"La Maison Palmier","description":"Boutique H\u00f4tel de Luxe d&#039;Abidjan","potentialAction":[{"@type":"SearchAction","target":{"@type":"EntryPoint","urlTemplate":"https:\/\/lamaisonpalmier.com\/?s={search_term_string}"},"query-input":{"@type":"PropertyValueSpecification","valueRequired":true,"valueName":"search_term_string"}}],"inLanguage":"en-GB"}]}},"_links":{"self":[{"href":"https:\/\/www.lamaisonpalmier.com\/en\/wp-json\/wp\/v2\/pages\/517","targetHints":{"allow":["GET"]}}],"collection":[{"href":"https:\/\/www.lamaisonpalmier.com\/en\/wp-json\/wp\/v2\/pages"}],"about":[{"href":"https:\/\/www.lamaisonpalmier.com\/en\/wp-json\/wp\/v2\/types\/page"}],"author":[{"embeddable":true,"href":"https:\/\/www.lamaisonpalmier.com\/en\/wp-json\/wp\/v2\/users\/1"}],"replies":[{"embeddable":true,"href":"https:\/\/www.lamaisonpalmier.com\/en\/wp-json\/wp\/v2\/comments?post=517"}],"version-history":[{"count":11,"href":"https:\/\/www.lamaisonpalmier.com\/en\/wp-json\/wp\/v2\/pages\/517\/revisions"}],"predecessor-version":[{"id":3880,"href":"https:\/\/www.lamaisonpalmier.com\/en\/wp-json\/wp\/v2\/pages\/517\/revisions\/3880"}],"wp:attachment":[{"href":"https:\/\/www.lamaisonpalmier.com\/en\/wp-json\/wp\/v2\/media?parent=517"}],"curies":[{"name":"wp","href":"https:\/\/api.w.org\/{rel}","templated":true}]}}