{"id":519,"date":"2022-11-17T15:54:40","date_gmt":"2022-11-17T15:54:40","guid":{"rendered":"https:\/\/lamaisonpalmier.fr\/?page_id=519"},"modified":"2022-12-08T18:22:27","modified_gmt":"2022-12-08T18:22:27","slug":"cookies-policy","status":"publish","type":"page","link":"https:\/\/www.lamaisonpalmier.com\/en\/cookies-policy","title":{"rendered":"Cookies Policy"},"content":{"rendered":"<div data-elementor-type=\"wp-page\" data-elementor-id=\"519\" class=\"elementor elementor-519\" data-elementor-post-type=\"page\">\n\t\t\t\t\t\t<section class=\"elementor-section elementor-top-section elementor-element elementor-element-a029944 elementor-section-full_width elementor-section-height-min-height elementor-section-stretched elementor-section-height-default elementor-section-items-middle\" data-id=\"a029944\" data-element_type=\"section\" data-settings=\"{&quot;stretch_section&quot;:&quot;section-stretched&quot;,&quot;background_background&quot;:&quot;slideshow&quot;,&quot;background_slideshow_gallery&quot;:[{&quot;id&quot;:9,&quot;url&quot;:&quot;https:\\\/\\\/lamaisonpalmier.com\\\/wp-content\\\/uploads\\\/2022\\\/10\\\/4-1920x884-1.jpg&quot;}],&quot;background_slideshow_loop&quot;:&quot;yes&quot;,&quot;background_slideshow_slide_duration&quot;:5000,&quot;background_slideshow_slide_transition&quot;:&quot;fade&quot;,&quot;background_slideshow_transition_duration&quot;:500}\">\n\t\t\t\t\t\t<div class=\"elementor-container elementor-column-gap-default\">\n\t\t\t\t\t<div class=\"elementor-column elementor-col-100 elementor-top-column elementor-element elementor-element-b90011b\" data-id=\"b90011b\" data-element_type=\"column\" data-settings=\"{&quot;background_background&quot;:&quot;classic&quot;}\">\n\t\t\t<div class=\"elementor-widget-wrap\">\n\t\t\t\t\t\t\t<\/div>\n\t\t<\/div>\n\t\t\t\t\t<\/div>\n\t\t<\/section>\n\t\t\t\t<section class=\"elementor-section elementor-top-section elementor-element elementor-element-6681f23 elementor-section-boxed elementor-section-height-default elementor-section-height-default elementor-invisible\" data-id=\"6681f23\" data-element_type=\"section\" data-settings=\"{&quot;background_background&quot;:&quot;classic&quot;,&quot;animation&quot;:&quot;fadeIn&quot;}\">\n\t\t\t\t\t\t<div class=\"elementor-container elementor-column-gap-default\">\n\t\t\t\t\t<div class=\"elementor-column elementor-col-100 elementor-top-column elementor-element elementor-element-d23ed9b\" data-id=\"d23ed9b\" data-element_type=\"column\">\n\t\t\t<div class=\"elementor-widget-wrap elementor-element-populated\">\n\t\t\t\t\t\t<div class=\"elementor-element elementor-element-5d5d8ae elementor-widget elementor-widget-text-editor\" data-id=\"5d5d8ae\" data-element_type=\"widget\" data-widget_type=\"text-editor.default\">\n\t\t\t\t<div class=\"elementor-widget-container\">\n\t\t\t\t\t\t\t\t\t<div class=\"gutenburg-content\"><p>Cette politique explique comment nous pouvons utiliser des cookies sur notre site Web.<\/p><p>Nous respectons votre droit \u00e0 la vie priv\u00e9e. Toute information personnelle communiqu\u00e9e volontairement sur ce site sera trait\u00e9e avec des normes appropri\u00e9es de s\u00e9curit\u00e9 et de confidentialit\u00e9.<\/p><h2>Qu\u2019est-ce que les cookies?<\/h2><p>Les cookies sont des fichiers textes contenant de petites quantit\u00e9s d\u2019informations t\u00e9l\u00e9charg\u00e9es sur votre appareil lorsque vous visitez notre site Web. Les cookies sont ensuite envoy\u00e9s vers le site d\u2019origine \u00e0 chaque nouvelle visite, ou \u00e0 un autre site web qui reconna\u00eet ce cookie. Les cookies sont utiles car ils permettent au site Web de reconna\u00eetre le p\u00e9riph\u00e9rique de l\u2019utilisateur. Il y a un certain nombre de types de cookies diff\u00e9rents, chacun ayant un objectif particiulier.<\/p><h2>Quels types de cookies peuvent \u00eatre utilis\u00e9s sur ce site?<\/h2><p><em><u>Cookies <\/u><\/em><em><u>S<\/u><\/em><em><u>trictement <\/u><\/em><em><u>N<\/u><\/em><em><u>\u00e9cessaires<\/u><\/em><\/p><p>Les cookies strictement n\u00e9cessaires sont indispensables afin de vous permettre de vous d\u00e9placer sur le site et d\u2019utiliser ses fonctionnalit\u00e9s. Nous utilisons ces cookies pour permettre l\u2019acc\u00e8s aux services que vous avez sp\u00e9cifiquement demand\u00e9s.<\/p><p><em><u>Cookies de Performance<\/u><\/em><\/p><p>Les cookies de performance sont les cookies qui collectent des informations sur la fa\u00e7on dont les visiteurs utilisent un site Web, par exemple o\u00f9 les visiteurs se rendent \u00e0 la plupart du temps. Nous utilisons ces cookies pour collecter des informations de fa\u00e7on anonyme sur les pages que vous avez visit\u00e9es.<\/p><p><em><u>Cookies Fonctionnels<\/u><\/em><\/p><p>Les cookies fonctionnels sont les cookies qui permettent au site de se souvenir des choix effectu\u00e9s par l\u2019utilisateur (nom, adresse, langue). Nous utilisons ces cookies pour se rappeler des choix faits afin am\u00e9liorer l\u2019exp\u00e9rience de nos utilisateurs.<\/p><p><em><u>Cookies Publicitaires<\/u><\/em><\/p><p>Les cookies publicitaires sont des cookies utilis\u00e9s pour fournir des annonces plus pertinentes pour l\u2019 int\u00e9r\u00eat d\u2019un utilisateur. Ils se souviennent que l\u2019utilisateur a consult\u00e9 un site Web avant. Ils sont souvent li\u00e9es \u00e0 la fonctionnalit\u00e9 du site. Nous utilisons ces cookies pour collecter des informations sur vos habitudes de navigation afin de rendre la publicit\u00e9 pertinente pour vous et vos int\u00e9r\u00eats.<\/p><p><em><u>Publicit\u00e9 sur <\/u><\/em><em><u>M<\/u><\/em><em><u>esure<\/u><\/em><\/p><p>Si vous avez activ\u00e9 les cookies sur votre machine, nous vous proposerons des publicit\u00e9s pertinentes sur notre site. Google et des fournisseurs tiers montrent nos annonces sur diff\u00e9rents sites Internet. Si vous avez activ\u00e9 les cookies, vous pourrez voir des publicit\u00e9s pour notre site sur d\u2019autres sites.<\/p><p><em><u>Cookies des Sites Tiers<\/u><\/em><\/p><p>Nous pouvons installer des cookies tiers sur notre site. les cookies tiers sont des cookies d\u00e9finis par un autre domaine que le site Web visit\u00e9 par l\u2019utilisateur. Si un utilisateur visite un site Web et qu\u2019une autre entit\u00e9 d\u00e9finit un cookie \u00e0 travers ce site, ce serait un cookie tiers.<\/p><p>Les cookies que nous utilisons nous permettent d\u2019am\u00e9liorer notre site Web et d\u2019 offrir un service plus personnalis\u00e9 pour vous. Si, apr\u00e8s avoir fourni des renseignements personnels, vous avez besoin d\u2019une copie de celui-ci ou si vous souhaitez discuter, corriger ou les supprimer, contactez-nous s\u2019il vous pla\u00eet .<\/p><p>Si vous ne souhaitez pas recevoir de cookies, vous pouvez modifier les param\u00e8tres de votre navigateur; la fonction d\u2019aide de votre navigateur explique comment modifier ces param\u00e8tres. Vous pouvez \u00e9galement visiter\u00a0<a href=\"http:\/\/www.aboutcookies.org\" target=\"_blank\" rel=\"noreferrer noopener\">www.aboutcookies.org\u00a0<\/a>, qui contient des informations compl\u00e8tes sur la fa\u00e7on de g\u00e9rer les cookies sur une grande vari\u00e9t\u00e9 de navigateurs d\u2019ordinateurs.<\/p><p>Veuillez noter qu\u2019en bloquant les cookies, vous pourriez ne pas \u00eatre en mesure d\u2019utiliser toutes les fonctionnalit\u00e9s de ce site, en particulier l\u2019utilisation du moteur de r\u00e9servation pour effectuer une r\u00e9servation.<\/p><\/div>\t\t\t\t\t\t\t\t<\/div>\n\t\t\t\t<\/div>\n\t\t\t\t\t<\/div>\n\t\t<\/div>\n\t\t\t\t\t<\/div>\n\t\t<\/section>\n\t\t\t\t<\/div>","protected":false},"excerpt":{"rendered":"<p>Cette politique explique comment nous pouvons utiliser des cookies sur notre site Web. Nous respectons votre droit \u00e0 la vie priv\u00e9e. Toute information personnelle communiqu\u00e9e volontairement sur ce site sera trait\u00e9e avec des normes appropri\u00e9es de s\u00e9curit\u00e9 et de confidentialit\u00e9. Qu\u2019est-ce que les cookies? Les cookies sont des fichiers textes contenant de petites quantit\u00e9s d\u2019informations [&hellip;]<\/p>","protected":false},"author":1,"featured_media":0,"parent":0,"menu_order":0,"comment_status":"closed","ping_status":"closed","template":"elementor_header_footer","meta":{"inline_featured_image":false,"footnotes":""},"class_list":["post-519","page","type-page","status-publish","hentry"],"yoast_head":"<!-- This site is optimized with the Yoast SEO plugin v26.5 - https:\/\/yoast.com\/wordpress\/plugins\/seo\/ -->\n<title>Politique cookies - La Maison Palmier<\/title>\n<meta name=\"description\" content=\"La Maison Palmier (Member of Design Hotels) - Le 1er boutique Hotel de Luxe D&#039;Abidjan ! 74 chambres et suites dans le quartier r\u00e9sidentiel des II Plateaux au coeur d&#039;Abidjan, villes d\u2019affaires C\u00f4te d&#039;Ivoire.\" \/>\n<meta name=\"robots\" content=\"index, follow, max-snippet:-1, max-image-preview:large, max-video-preview:-1\" \/>\n<link rel=\"canonical\" href=\"https:\/\/www.lamaisonpalmier.com\/en\/cookies-policy\" \/>\n<meta property=\"og:locale\" content=\"en_GB\" \/>\n<meta property=\"og:type\" content=\"article\" \/>\n<meta property=\"og:title\" content=\"Politique cookies - La Maison Palmier\" \/>\n<meta property=\"og:description\" content=\"La Maison Palmier (Member of Design Hotels) - Le 1er boutique Hotel de Luxe D&#039;Abidjan ! 74 chambres et suites dans le quartier r\u00e9sidentiel des II Plateaux au coeur d&#039;Abidjan, villes d\u2019affaires C\u00f4te d&#039;Ivoire.\" \/>\n<meta property=\"og:url\" content=\"https:\/\/www.lamaisonpalmier.com\/en\/cookies-policy\" \/>\n<meta property=\"og:site_name\" content=\"La Maison Palmier\" \/>\n<meta property=\"article:modified_time\" content=\"2022-12-08T18:22:27+00:00\" \/>\n<meta name=\"twitter:card\" content=\"summary_large_image\" \/>\n<meta name=\"twitter:label1\" content=\"Estimated reading time\" \/>\n\t<meta name=\"twitter:data1\" content=\"3 minutes\" \/>\n<script type=\"application\/ld+json\" class=\"yoast-schema-graph\">{\"@context\":\"https:\/\/schema.org\",\"@graph\":[{\"@type\":\"WebPage\",\"@id\":\"https:\/\/www.lamaisonpalmier.com\/cookies-policy\",\"url\":\"https:\/\/www.lamaisonpalmier.com\/cookies-policy\",\"name\":\"Politique cookies - La Maison Palmier\",\"isPartOf\":{\"@id\":\"https:\/\/lamaisonpalmier.com\/#website\"},\"datePublished\":\"2022-11-17T15:54:40+00:00\",\"dateModified\":\"2022-12-08T18:22:27+00:00\",\"description\":\"La Maison Palmier (Member of Design Hotels) - Le 1er boutique Hotel de Luxe D'Abidjan ! 74 chambres et suites dans le quartier r\u00e9sidentiel des II Plateaux au coeur d'Abidjan, villes d\u2019affaires C\u00f4te d'Ivoire.\",\"breadcrumb\":{\"@id\":\"https:\/\/www.lamaisonpalmier.com\/cookies-policy#breadcrumb\"},\"inLanguage\":\"en-GB\",\"potentialAction\":[{\"@type\":\"ReadAction\",\"target\":[\"https:\/\/www.lamaisonpalmier.com\/cookies-policy\"]}]},{\"@type\":\"BreadcrumbList\",\"@id\":\"https:\/\/www.lamaisonpalmier.com\/cookies-policy#breadcrumb\",\"itemListElement\":[{\"@type\":\"ListItem\",\"position\":1,\"name\":\"Accueil\",\"item\":\"https:\/\/www.lamaisonpalmier.com\/\"},{\"@type\":\"ListItem\",\"position\":2,\"name\":\"Politique cookies\"}]},{\"@type\":\"WebSite\",\"@id\":\"https:\/\/lamaisonpalmier.com\/#website\",\"url\":\"https:\/\/lamaisonpalmier.com\/\",\"name\":\"La Maison Palmier\",\"description\":\"Boutique H\u00f4tel de Luxe d&#039;Abidjan\",\"potentialAction\":[{\"@type\":\"SearchAction\",\"target\":{\"@type\":\"EntryPoint\",\"urlTemplate\":\"https:\/\/lamaisonpalmier.com\/?s={search_term_string}\"},\"query-input\":{\"@type\":\"PropertyValueSpecification\",\"valueRequired\":true,\"valueName\":\"search_term_string\"}}],\"inLanguage\":\"en-GB\"}]}<\/script>\n<!-- \/ Yoast SEO plugin. -->","yoast_head_json":{"title":"Politique cookies - La Maison Palmier","description":"La Maison Palmier (Member of Design Hotels) - Le 1er boutique Hotel de Luxe D'Abidjan ! 74 chambres et suites dans le quartier r\u00e9sidentiel des II Plateaux au coeur d'Abidjan, villes d\u2019affaires C\u00f4te d'Ivoire.","robots":{"index":"index","follow":"follow","max-snippet":"max-snippet:-1","max-image-preview":"max-image-preview:large","max-video-preview":"max-video-preview:-1"},"canonical":"https:\/\/www.lamaisonpalmier.com\/en\/cookies-policy","og_locale":"en_GB","og_type":"article","og_title":"Politique cookies - La Maison Palmier","og_description":"La Maison Palmier (Member of Design Hotels) - Le 1er boutique Hotel de Luxe D'Abidjan ! 74 chambres et suites dans le quartier r\u00e9sidentiel des II Plateaux au coeur d'Abidjan, villes d\u2019affaires C\u00f4te d'Ivoire.","og_url":"https:\/\/www.lamaisonpalmier.com\/en\/cookies-policy","og_site_name":"La Maison Palmier","article_modified_time":"2022-12-08T18:22:27+00:00","twitter_card":"summary_large_image","twitter_misc":{"Estimated reading time":"3 minutes"},"schema":{"@context":"https:\/\/schema.org","@graph":[{"@type":"WebPage","@id":"https:\/\/www.lamaisonpalmier.com\/cookies-policy","url":"https:\/\/www.lamaisonpalmier.com\/cookies-policy","name":"Politique cookies - La Maison Palmier","isPartOf":{"@id":"https:\/\/lamaisonpalmier.com\/#website"},"datePublished":"2022-11-17T15:54:40+00:00","dateModified":"2022-12-08T18:22:27+00:00","description":"La Maison Palmier (Member of Design Hotels) - Le 1er boutique Hotel de Luxe D'Abidjan ! 74 chambres et suites dans le quartier r\u00e9sidentiel des II Plateaux au coeur d'Abidjan, villes d\u2019affaires C\u00f4te d'Ivoire.","breadcrumb":{"@id":"https:\/\/www.lamaisonpalmier.com\/cookies-policy#breadcrumb"},"inLanguage":"en-GB","potentialAction":[{"@type":"ReadAction","target":["https:\/\/www.lamaisonpalmier.com\/cookies-policy"]}]},{"@type":"BreadcrumbList","@id":"https:\/\/www.lamaisonpalmier.com\/cookies-policy#breadcrumb","itemListElement":[{"@type":"ListItem","position":1,"name":"Accueil","item":"https:\/\/www.lamaisonpalmier.com\/"},{"@type":"ListItem","position":2,"name":"Politique cookies"}]},{"@type":"WebSite","@id":"https:\/\/lamaisonpalmier.com\/#website","url":"https:\/\/lamaisonpalmier.com\/","name":"La Maison Palmier","description":"Boutique H\u00f4tel de Luxe d&#039;Abidjan","potentialAction":[{"@type":"SearchAction","target":{"@type":"EntryPoint","urlTemplate":"https:\/\/lamaisonpalmier.com\/?s={search_term_string}"},"query-input":{"@type":"PropertyValueSpecification","valueRequired":true,"valueName":"search_term_string"}}],"inLanguage":"en-GB"}]}},"_links":{"self":[{"href":"https:\/\/www.lamaisonpalmier.com\/en\/wp-json\/wp\/v2\/pages\/519","targetHints":{"allow":["GET"]}}],"collection":[{"href":"https:\/\/www.lamaisonpalmier.com\/en\/wp-json\/wp\/v2\/pages"}],"about":[{"href":"https:\/\/www.lamaisonpalmier.com\/en\/wp-json\/wp\/v2\/types\/page"}],"author":[{"embeddable":true,"href":"https:\/\/www.lamaisonpalmier.com\/en\/wp-json\/wp\/v2\/users\/1"}],"replies":[{"embeddable":true,"href":"https:\/\/www.lamaisonpalmier.com\/en\/wp-json\/wp\/v2\/comments?post=519"}],"version-history":[{"count":15,"href":"https:\/\/www.lamaisonpalmier.com\/en\/wp-json\/wp\/v2\/pages\/519\/revisions"}],"predecessor-version":[{"id":3883,"href":"https:\/\/www.lamaisonpalmier.com\/en\/wp-json\/wp\/v2\/pages\/519\/revisions\/3883"}],"wp:attachment":[{"href":"https:\/\/www.lamaisonpalmier.com\/en\/wp-json\/wp\/v2\/media?parent=519"}],"curies":[{"name":"wp","href":"https:\/\/api.w.org\/{rel}","templated":true}]}}