{"id":613,"date":"2022-11-18T14:45:03","date_gmt":"2022-11-18T14:45:03","guid":{"rendered":"https:\/\/lamaisonpalmier.fr\/?page_id=613"},"modified":"2026-03-19T17:20:05","modified_gmt":"2026-03-19T17:20:05","slug":"le-bar-palmier","status":"publish","type":"page","link":"https:\/\/www.lamaisonpalmier.com\/en\/le-bar-palmier","title":{"rendered":"The Bar"},"content":{"rendered":"<div data-elementor-type=\"wp-page\" data-elementor-id=\"613\" class=\"elementor elementor-613\" data-elementor-post-type=\"page\">\n\t\t\t\t\t\t<section class=\"elementor-section elementor-top-section elementor-element elementor-element-a029944 elementor-section-full_width elementor-section-height-min-height elementor-section-stretched elementor-section-height-default elementor-section-items-middle\" data-id=\"a029944\" data-element_type=\"section\" data-settings=\"{&quot;stretch_section&quot;:&quot;section-stretched&quot;,&quot;background_background&quot;:&quot;slideshow&quot;,&quot;background_slideshow_gallery&quot;:[{&quot;id&quot;:4863,&quot;url&quot;:&quot;https:\\\/\\\/www.lamaisonpalmier.com\\\/wp-content\\\/uploads\\\/2025\\\/01\\\/MG_4087-1-scaled.jpg&quot;},{&quot;id&quot;:4870,&quot;url&quot;:&quot;https:\\\/\\\/www.lamaisonpalmier.com\\\/wp-content\\\/uploads\\\/2025\\\/01\\\/LE-BAR.jpeg&quot;}],&quot;background_slideshow_loop&quot;:&quot;yes&quot;,&quot;background_slideshow_slide_duration&quot;:5000,&quot;background_slideshow_slide_transition&quot;:&quot;fade&quot;,&quot;background_slideshow_transition_duration&quot;:500}\">\n\t\t\t\t\t\t<div class=\"elementor-container elementor-column-gap-default\">\n\t\t\t\t\t<div class=\"elementor-column elementor-col-100 elementor-top-column elementor-element elementor-element-b90011b\" data-id=\"b90011b\" data-element_type=\"column\" data-settings=\"{&quot;background_background&quot;:&quot;classic&quot;}\">\n\t\t\t<div class=\"elementor-widget-wrap\">\n\t\t\t\t\t\t\t<\/div>\n\t\t<\/div>\n\t\t\t\t\t<\/div>\n\t\t<\/section>\n\t\t\t\t<section class=\"elementor-section elementor-top-section elementor-element elementor-element-6681f23 elementor-section-boxed elementor-section-height-default elementor-section-height-default elementor-invisible\" data-id=\"6681f23\" data-element_type=\"section\" data-settings=\"{&quot;background_background&quot;:&quot;classic&quot;,&quot;animation&quot;:&quot;fadeIn&quot;}\">\n\t\t\t\t\t\t<div class=\"elementor-container elementor-column-gap-default\">\n\t\t\t\t\t<div class=\"elementor-column elementor-col-100 elementor-top-column elementor-element elementor-element-d23ed9b\" data-id=\"d23ed9b\" data-element_type=\"column\">\n\t\t\t<div class=\"elementor-widget-wrap elementor-element-populated\">\n\t\t\t\t\t\t<div class=\"elementor-element elementor-element-d1a1131 elementor-widget elementor-widget-heading\" data-id=\"d1a1131\" data-element_type=\"widget\" data-widget_type=\"heading.default\">\n\t\t\t\t<div class=\"elementor-widget-container\">\n\t\t\t\t\t<h1 class=\"elementor-heading-title elementor-size-default\">The Bar<\/h1>\t\t\t\t<\/div>\n\t\t\t\t<\/div>\n\t\t\t\t<div class=\"elementor-element elementor-element-a831c83 elementor-widget elementor-widget-spacer\" data-id=\"a831c83\" data-element_type=\"widget\" data-widget_type=\"spacer.default\">\n\t\t\t\t<div class=\"elementor-widget-container\">\n\t\t\t\t\t\t\t<div class=\"elementor-spacer\">\n\t\t\t<div class=\"elementor-spacer-inner\"><\/div>\n\t\t<\/div>\n\t\t\t\t\t\t<\/div>\n\t\t\t\t<\/div>\n\t\t\t\t<div class=\"elementor-element elementor-element-5d5d8ae elementor-widget elementor-widget-text-editor\" data-id=\"5d5d8ae\" data-element_type=\"widget\" data-widget_type=\"text-editor.default\">\n\t\t\t\t<div class=\"elementor-widget-container\">\n\t\t\t\t\t\t\t\t\t<p style=\"text-align: center\"><b>Dive into an oasis of comfort at Le Bar at La Maison Palmier.<\/b><\/p>\n<p style=\"text-align: center\">From breakfast to dinner or pre-dinner drinks, Le Bar at La Maison Palmier offers a colourful menu of gourmet treats.<\/p>\n<p style=\"text-align: center\">The Cocktail Menu contains a selection of sweet treats that our bartender concocts, which come with a smile \u2013 and palm trees to boot.<\/p>\n<p style=\"text-align: center\">Opening hours<\/p>\n<p style=\"text-align: center\">Monday - Sunday<br><span style=\"color: var( --e-global-color-text );letter-spacing: 1.95px\">From 9:00 AM till 11:30 PM<\/span><\/p>\n<p style=\"text-align: center\">Reservation strongly recommended<\/p>\t\t\t\t\t\t\t\t<\/div>\n\t\t\t\t<\/div>\n\t\t\t\t\t<\/div>\n\t\t<\/div>\n\t\t\t\t\t<\/div>\n\t\t<\/section>\n\t\t\t\t<section class=\"elementor-section elementor-top-section elementor-element elementor-element-3bd0c69 elementor-section-boxed elementor-section-height-default elementor-section-height-default elementor-invisible\" data-id=\"3bd0c69\" data-element_type=\"section\" data-settings=\"{&quot;background_background&quot;:&quot;classic&quot;,&quot;animation&quot;:&quot;fadeIn&quot;}\">\n\t\t\t\t\t\t<div class=\"elementor-container elementor-column-gap-default\">\n\t\t\t\t\t<div class=\"elementor-column elementor-col-100 elementor-top-column elementor-element elementor-element-6b25a72\" data-id=\"6b25a72\" data-element_type=\"column\">\n\t\t\t<div class=\"elementor-widget-wrap elementor-element-populated\">\n\t\t\t\t\t\t<section class=\"elementor-section elementor-inner-section elementor-element elementor-element-3e044bf elementor-section-boxed elementor-section-height-default elementor-section-height-default\" data-id=\"3e044bf\" data-element_type=\"section\">\n\t\t\t\t\t\t<div class=\"elementor-container elementor-column-gap-default\">\n\t\t\t\t\t<div class=\"elementor-column elementor-col-50 elementor-inner-column elementor-element elementor-element-08f8bed\" data-id=\"08f8bed\" data-element_type=\"column\">\n\t\t\t<div class=\"elementor-widget-wrap elementor-element-populated\">\n\t\t\t\t\t\t<div class=\"elementor-element elementor-element-bef09ab elementor-widget elementor-widget-heading\" data-id=\"bef09ab\" data-element_type=\"widget\" data-widget_type=\"heading.default\">\n\t\t\t\t<div class=\"elementor-widget-container\">\n\t\t\t\t\t<h2 class=\"elementor-heading-title elementor-size-default\">The Bar<\/h2>\t\t\t\t<\/div>\n\t\t\t\t<\/div>\n\t\t\t\t<div class=\"elementor-element elementor-element-0656527 elementor-widget elementor-widget-heading\" data-id=\"0656527\" data-element_type=\"widget\" data-widget_type=\"heading.default\">\n\t\t\t\t<div class=\"elementor-widget-container\">\n\t\t\t\t\t<h3 class=\"elementor-heading-title elementor-size-default\">HAVING A DRINK<\/h3>\t\t\t\t<\/div>\n\t\t\t\t<\/div>\n\t\t\t\t<div class=\"elementor-element elementor-element-4bfad29 elementor-widget elementor-widget-text-editor\" data-id=\"4bfad29\" data-element_type=\"widget\" data-widget_type=\"text-editor.default\">\n\t\t\t\t<div class=\"elementor-widget-container\">\n\t\t\t\t\t\t\t\t\t<p>The bar and terrace are chic and welcoming, offering a lively meeting place where visitors cross paths with all of Abidjan.<\/p>\n<p>Our dedicated cocktail makers strive to help guests completely unwind with a classic or creative cocktail from the menu.<\/p>\n<p>Le Bar is a must-visit for both individuals and small groups; its smooth atmosphere brings life to La Maison Palmier.<\/p>\n<p>T: +225 27 22 22 00 00<br><span style=\"color: var( --e-global-color-text );letter-spacing: 1.95px\">reservations.palmier@lamaisonpalmier.com<\/span><\/p>\t\t\t\t\t\t\t\t<\/div>\n\t\t\t\t<\/div>\n\t\t\t\t<div class=\"elementor-element elementor-element-c841ab3 elementor-align-left elementor-widget elementor-widget-button\" data-id=\"c841ab3\" data-element_type=\"widget\" data-widget_type=\"button.default\">\n\t\t\t\t<div class=\"elementor-widget-container\">\n\t\t\t\t\t\t\t\t\t<div class=\"elementor-button-wrapper\">\n\t\t\t\t\t<a class=\"elementor-button elementor-button-link elementor-size-sm\" href=\"https:\/\/www.lamaisonpalmier.com\/wp-content\/uploads\/2026\/03\/Le-Bar-Menu.pdf\" target=\"_blank\">\n\t\t\t\t\t\t<span class=\"elementor-button-content-wrapper\">\n\t\t\t\t\t\t\t\t\t<span class=\"elementor-button-text\">SEE MENU<\/span>\n\t\t\t\t\t<\/span>\n\t\t\t\t\t<\/a>\n\t\t\t\t<\/div>\n\t\t\t\t\t\t\t\t<\/div>\n\t\t\t\t<\/div>\n\t\t\t\t<div class=\"elementor-element elementor-element-d226080 elementor-align-left elementor-widget elementor-widget-button\" data-id=\"d226080\" data-element_type=\"widget\" data-widget_type=\"button.default\">\n\t\t\t\t<div class=\"elementor-widget-container\">\n\t\t\t\t\t\t\t\t\t<div class=\"elementor-button-wrapper\">\n\t\t\t\t\t<a class=\"elementor-button elementor-button-link elementor-size-sm\" href=\"mailto:reservations.palmier@lamaisonpalmier.com\">\n\t\t\t\t\t\t<span class=\"elementor-button-content-wrapper\">\n\t\t\t\t\t\t\t\t\t<span class=\"elementor-button-text\">Book<\/span>\n\t\t\t\t\t<\/span>\n\t\t\t\t\t<\/a>\n\t\t\t\t<\/div>\n\t\t\t\t\t\t\t\t<\/div>\n\t\t\t\t<\/div>\n\t\t\t\t\t<\/div>\n\t\t<\/div>\n\t\t\t\t<div class=\"elementor-column elementor-col-50 elementor-inner-column elementor-element elementor-element-1920da8\" data-id=\"1920da8\" data-element_type=\"column\">\n\t\t\t<div class=\"elementor-widget-wrap elementor-element-populated\">\n\t\t\t\t\t\t<div class=\"elementor-element elementor-element-74c9a44 img-portrait3 elementor--h-position-center elementor--v-position-middle elementor-pagination-position-inside elementor-widget elementor-widget-slides\" data-id=\"74c9a44\" data-element_type=\"widget\" data-settings=\"{&quot;navigation&quot;:&quot;dots&quot;,&quot;autoplay&quot;:&quot;yes&quot;,&quot;pause_on_hover&quot;:&quot;yes&quot;,&quot;pause_on_interaction&quot;:&quot;yes&quot;,&quot;autoplay_speed&quot;:5000,&quot;infinite&quot;:&quot;yes&quot;,&quot;transition&quot;:&quot;slide&quot;,&quot;transition_speed&quot;:500}\" data-widget_type=\"slides.default\">\n\t\t\t\t<div class=\"elementor-widget-container\">\n\t\t\t\t\t\t\t\t\t<div class=\"elementor-swiper\">\n\t\t\t\t\t<div class=\"elementor-slides-wrapper elementor-main-swiper swiper\" role=\"region\" aria-roledescription=\"carousel\" aria-label=\"Diapositives\" dir=\"ltr\" data-animation=\"fadeInUp\">\n\t\t\t\t<div class=\"swiper-wrapper elementor-slides\">\n\t\t\t\t\t\t\t\t\t\t<div class=\"elementor-repeater-item-9cfcc20 swiper-slide\" role=\"group\" aria-roledescription=\"slide\"><div class=\"swiper-slide-bg\" role=\"img\" aria-label=\"11_1_la_maison_palmier_abidjan_boutique_Le_Bar\u00a9Yann_Deret\"><\/div><div class=\"swiper-slide-inner\" ><div class=\"swiper-slide-contents\"><\/div><\/div><\/div><div class=\"elementor-repeater-item-cd27e02 swiper-slide\" role=\"group\" aria-roledescription=\"slide\"><div class=\"swiper-slide-bg\" role=\"img\" aria-label=\"11_2_la_maison_palmier_abidjan_boutique_Le_Bar\u00a9Yann_Deret\"><\/div><div class=\"swiper-slide-inner\" ><div class=\"swiper-slide-contents\"><\/div><\/div><\/div><div class=\"elementor-repeater-item-30267e2 swiper-slide\" role=\"group\" aria-roledescription=\"slide\"><div class=\"swiper-slide-bg\" role=\"img\" aria-label=\"11_la_maison_palmier_abidjan_boutique_Le_Bar\u00a9Yann_Deret\"><\/div><div class=\"swiper-slide-inner\" ><div class=\"swiper-slide-contents\"><\/div><\/div><\/div><div class=\"elementor-repeater-item-740c331 swiper-slide\" role=\"group\" aria-roledescription=\"slide\"><div class=\"swiper-slide-bg\" role=\"img\" aria-label=\"3G1A0389\"><\/div><div class=\"swiper-slide-inner\" ><div class=\"swiper-slide-contents\"><\/div><\/div><\/div>\t\t\t\t<\/div>\n\t\t\t\t\t\t\t\t\t\t\t\t\t\t\t\t\t\t\t\t<div class=\"swiper-pagination\"><\/div>\n\t\t\t\t\t\t\t\t\t\t\t\t<\/div>\n\t\t\t\t<\/div>\n\t\t\t\t\t\t\t\t<\/div>\n\t\t\t\t<\/div>\n\t\t\t\t\t<\/div>\n\t\t<\/div>\n\t\t\t\t\t<\/div>\n\t\t<\/section>\n\t\t\t\t\t<\/div>\n\t\t<\/div>\n\t\t\t\t\t<\/div>\n\t\t<\/section>\n\t\t\t\t<section class=\"elementor-section elementor-top-section elementor-element elementor-element-eb2845b elementor-section-boxed elementor-section-height-default elementor-section-height-default elementor-invisible\" data-id=\"eb2845b\" data-element_type=\"section\" data-settings=\"{&quot;background_background&quot;:&quot;classic&quot;,&quot;animation&quot;:&quot;fadeIn&quot;}\">\n\t\t\t\t\t\t<div class=\"elementor-container elementor-column-gap-default\">\n\t\t\t\t\t<div class=\"elementor-column elementor-col-100 elementor-top-column elementor-element elementor-element-4dcc41c\" data-id=\"4dcc41c\" data-element_type=\"column\">\n\t\t\t<div class=\"elementor-widget-wrap elementor-element-populated\">\n\t\t\t\t\t\t<div class=\"elementor-element elementor-element-22ef8db elementor-widget elementor-widget-presto_video\" data-id=\"22ef8db\" data-element_type=\"widget\" data-widget_type=\"presto_video.default\">\n\t\t\t\t<div class=\"elementor-widget-container\">\n\t\t\t\t\t<!--presto-player:video_id=1--><figure class=\"wp-block-video presto-block-video  presto-provider-vimeo\" style=\"--plyr-color-main: var(--presto-player-highlight-color, #804d3c); --presto-player-logo-width: 150px; \">\n\t<presto-player \n\t\tpreset='{&quot;id&quot;:3,&quot;name&quot;:&quot;Simple&quot;,&quot;slug&quot;:&quot;simple&quot;,&quot;icon&quot;:&quot;video-alt3&quot;,&quot;skin&quot;:&quot;modern&quot;,&quot;play-large&quot;:true,&quot;rewind&quot;:false,&quot;play&quot;:true,&quot;fast-forward&quot;:false,&quot;progress&quot;:true,&quot;current-time&quot;:false,&quot;mute&quot;:false,&quot;volume&quot;:false,&quot;speed&quot;:false,&quot;pip&quot;:false,&quot;fullscreen&quot;:true,&quot;captions&quot;:false,&quot;reset_on_end&quot;:true,&quot;auto_hide&quot;:true,&quot;captions_enabled&quot;:false,&quot;save_player_position&quot;:false,&quot;sticky_scroll&quot;:false,&quot;sticky_scroll_position&quot;:&quot;bottom right&quot;,&quot;on_video_end&quot;:&quot;select&quot;,&quot;play_video_viewport&quot;:false,&quot;hide_youtube&quot;:true,&quot;lazy_load_youtube&quot;:false,&quot;hide_logo&quot;:false,&quot;border_radius&quot;:0,&quot;caption_style&quot;:&quot;&quot;,&quot;caption_background&quot;:&quot;&quot;,&quot;is_locked&quot;:true,&quot;cta&quot;:[&quot;&quot;],&quot;watermark&quot;:[&quot;&quot;],&quot;email_collection&quot;:[&quot;&quot;],&quot;action_bar&quot;:[&quot;&quot;],&quot;created_by&quot;:1,&quot;created_at&quot;:&quot;2022-11-28 15:23:56&quot;,&quot;updated_at&quot;:&quot;2022-11-28 15:23:56&quot;,&quot;deleted_at&quot;:&quot;&quot;,&quot;search&quot;:[&quot;&quot;],&quot;show_time_elapsed&quot;:false}'\n\t\tbranding='{&quot;logo&quot;:&quot;&quot;,&quot;color&quot;:&quot;#804d3c&quot;,&quot;logo_width&quot;:150,&quot;player_css&quot;:&quot;&quot;}'\n\t\tchapters='[]'\n\t\toverlays='[]'\n\t\ttracks='[]'\n\t\tblock-attributes='{&quot;playsInline&quot;:true,&quot;id&quot;:1,&quot;src&quot;:&quot;https:\\\/\\\/vimeo.com\\\/774138230&quot;,&quot;poster&quot;:&quot;https:\\\/\\\/www.lamaisonpalmier.com\\\/wp-content\\\/uploads\\\/2022\\\/11\\\/LA_MAISON_PALMIER_LE-BAR.jpg&quot;,&quot;preset&quot;:3,&quot;video_id&quot;:&quot;774142723&quot;,&quot;attachment_id&quot;:null,&quot;title&quot;:&quot;La Maison Palmier Boutique H\\u00f4tel&quot;}'\n\t\tanalytics=''\n\t\tautomations\t\tprovider='vimeo'\n\t\t\t\tid=\"presto-player-1\"\n\t\tsrc=\"https:\/\/vimeo.com\/774138230\"\n\t\tmedia-title=\"La Maison Palmier Boutique H\u00f4tel\"\n\t\tcss=\"\"\n\t\tclass=\"presto-video-id-1 presto-preset-id-3 skin-modern\"\n\t\tskin=\"modern\" \n\t\ticon-url=\"https:\/\/www.lamaisonpalmier.com\/wp-content\/plugins\/presto-player\/img\/sprite.svg\" \n\t\tpreload=\"\" \n\t\tposter=\"https:\/\/www.lamaisonpalmier.com\/wp-content\/uploads\/2022\/11\/LA_MAISON_PALMIER_LE-BAR.jpg\"\n\t\tyoutube=\"{&quot;noCookie&quot;:false,&quot;channelId&quot;:&quot;&quot;,&quot;show_count&quot;:false}\"\n\t\tprovider-video-id=\"\"\n\t\tvideo-id=\"1\"\n\t\t\t\tplaysinline>\n\t\t\n\n    <div class=\"presto-iframe-fallback-container\">\n        <iframe style=\"width: 100%\" title=\"Vimeo Video\" class=\"presto-fallback-iframe\" id=\"presto-iframe-fallback-1\" data-src=\"https:\/\/player.vimeo.com\/video\/774142723?loop=false&amp;byline=false&amp;portrait=false&amp;title=false&amp;speed=true&amp;transparent=0&amp;gesture=media\" allowfullscreen allowtransparency allow=\"autoplay\"><\/iframe>\n    <\/div>\n\t<\/presto-player>\n<\/figure>\t\t<script type=\"application\/ld+json\">{\n    \"@context\": \"https:\\\/\\\/schema.org\",\n    \"@type\": \"VideoObject\",\n    \"name\": \"La Maison Palmier Boutique H\\u00f4tel\",\n    \"thumbnailUrl\": \"https:\\\/\\\/www.lamaisonpalmier.com\\\/wp-content\\\/uploads\\\/2022\\\/11\\\/LA_MAISON_PALMIER_LE-BAR.jpg\",\n    \"uploadDate\": \"2022-11-28T15:25:48+00:00\",\n    \"contentUrl\": \"https:\\\/\\\/vimeo.com\\\/774138230\"\n}<\/script>\n\t\t\t\t\t\t<\/div>\n\t\t\t\t<\/div>\n\t\t\t\t\t<\/div>\n\t\t<\/div>\n\t\t\t\t\t<\/div>\n\t\t<\/section>\n\t\t\t\t<\/div>","protected":false},"excerpt":{"rendered":"<p>Le Bar Plongez dans une oasis de douceur au Bar de La Maison Palmier. Du petit d\u00e9jeuner au d\u00eener, en passant par l\u2019heure de l\u2019ap\u00e9ro, la carte du Bar de La Maison Palmier vous propose une restauration color\u00e9e aux douceurs gourmandes. Quant \u00e0 la Carte des Cocktails, elle affiche une s\u00e9lection de douceurs sucr\u00e9es, concoct\u00e9es [&hellip;]<\/p>","protected":false},"author":1,"featured_media":0,"parent":0,"menu_order":0,"comment_status":"closed","ping_status":"closed","template":"elementor_header_footer","meta":{"inline_featured_image":false,"footnotes":""},"class_list":["post-613","page","type-page","status-publish","hentry"],"yoast_head":"<!-- This site is optimized with the Yoast SEO plugin v26.5 - https:\/\/yoast.com\/wordpress\/plugins\/seo\/ -->\n<title>Le Bar - La Maison Palmier<\/title>\n<meta name=\"description\" content=\"La Maison Palmier (Member of Design Hotels) - Le Bar Palmier, nouveau Bar au coeur d&#039;Abidjan, venez prendre un verre sur l&#039;une de nos terrasses parisiennes. R\u00e9servez une table ici !\" \/>\n<meta name=\"robots\" content=\"index, follow, max-snippet:-1, max-image-preview:large, max-video-preview:-1\" \/>\n<link rel=\"canonical\" href=\"https:\/\/www.lamaisonpalmier.com\/en\/le-bar-palmier\" \/>\n<meta property=\"og:locale\" content=\"en_GB\" \/>\n<meta property=\"og:type\" content=\"article\" \/>\n<meta property=\"og:title\" content=\"Le Bar - La Maison Palmier\" \/>\n<meta property=\"og:description\" content=\"La Maison Palmier (Member of Design Hotels) - Le Bar Palmier, nouveau Bar au coeur d&#039;Abidjan, venez prendre un verre sur l&#039;une de nos terrasses parisiennes. R\u00e9servez une table ici !\" \/>\n<meta property=\"og:url\" content=\"https:\/\/www.lamaisonpalmier.com\/en\/le-bar-palmier\" \/>\n<meta property=\"og:site_name\" content=\"La Maison Palmier\" \/>\n<meta property=\"article:modified_time\" content=\"2026-03-19T17:20:05+00:00\" \/>\n<meta name=\"twitter:card\" content=\"summary_large_image\" \/>\n<meta name=\"twitter:label1\" content=\"Estimated reading time\" \/>\n\t<meta name=\"twitter:data1\" content=\"1 minute\" \/>\n<script type=\"application\/ld+json\" class=\"yoast-schema-graph\">{\"@context\":\"https:\/\/schema.org\",\"@graph\":[{\"@type\":\"WebPage\",\"@id\":\"https:\/\/www.lamaisonpalmier.com\/le-bar-palmier\",\"url\":\"https:\/\/www.lamaisonpalmier.com\/le-bar-palmier\",\"name\":\"Le Bar - La Maison Palmier\",\"isPartOf\":{\"@id\":\"https:\/\/lamaisonpalmier.com\/#website\"},\"datePublished\":\"2022-11-18T14:45:03+00:00\",\"dateModified\":\"2026-03-19T17:20:05+00:00\",\"description\":\"La Maison Palmier (Member of Design Hotels) - Le Bar Palmier, nouveau Bar au coeur d'Abidjan, venez prendre un verre sur l'une de nos terrasses parisiennes. R\u00e9servez une table ici !\",\"breadcrumb\":{\"@id\":\"https:\/\/www.lamaisonpalmier.com\/le-bar-palmier#breadcrumb\"},\"inLanguage\":\"en-GB\",\"potentialAction\":[{\"@type\":\"ReadAction\",\"target\":[\"https:\/\/www.lamaisonpalmier.com\/le-bar-palmier\"]}]},{\"@type\":\"BreadcrumbList\",\"@id\":\"https:\/\/www.lamaisonpalmier.com\/le-bar-palmier#breadcrumb\",\"itemListElement\":[{\"@type\":\"ListItem\",\"position\":1,\"name\":\"Accueil\",\"item\":\"https:\/\/www.lamaisonpalmier.com\/\"},{\"@type\":\"ListItem\",\"position\":2,\"name\":\"Le Bar\"}]},{\"@type\":\"WebSite\",\"@id\":\"https:\/\/lamaisonpalmier.com\/#website\",\"url\":\"https:\/\/lamaisonpalmier.com\/\",\"name\":\"La Maison Palmier\",\"description\":\"Boutique H\u00f4tel de Luxe d&#039;Abidjan\",\"potentialAction\":[{\"@type\":\"SearchAction\",\"target\":{\"@type\":\"EntryPoint\",\"urlTemplate\":\"https:\/\/lamaisonpalmier.com\/?s={search_term_string}\"},\"query-input\":{\"@type\":\"PropertyValueSpecification\",\"valueRequired\":true,\"valueName\":\"search_term_string\"}}],\"inLanguage\":\"en-GB\"}]}<\/script>\n<!-- \/ Yoast SEO plugin. -->","yoast_head_json":{"title":"Le Bar - La Maison Palmier","description":"La Maison Palmier (Member of Design Hotels) - Le Bar Palmier, nouveau Bar au coeur d'Abidjan, venez prendre un verre sur l'une de nos terrasses parisiennes. R\u00e9servez une table ici !","robots":{"index":"index","follow":"follow","max-snippet":"max-snippet:-1","max-image-preview":"max-image-preview:large","max-video-preview":"max-video-preview:-1"},"canonical":"https:\/\/www.lamaisonpalmier.com\/en\/le-bar-palmier","og_locale":"en_GB","og_type":"article","og_title":"Le Bar - La Maison Palmier","og_description":"La Maison Palmier (Member of Design Hotels) - Le Bar Palmier, nouveau Bar au coeur d'Abidjan, venez prendre un verre sur l'une de nos terrasses parisiennes. R\u00e9servez une table ici !","og_url":"https:\/\/www.lamaisonpalmier.com\/en\/le-bar-palmier","og_site_name":"La Maison Palmier","article_modified_time":"2026-03-19T17:20:05+00:00","twitter_card":"summary_large_image","twitter_misc":{"Estimated reading time":"1 minute"},"schema":{"@context":"https:\/\/schema.org","@graph":[{"@type":"WebPage","@id":"https:\/\/www.lamaisonpalmier.com\/le-bar-palmier","url":"https:\/\/www.lamaisonpalmier.com\/le-bar-palmier","name":"Le Bar - La Maison Palmier","isPartOf":{"@id":"https:\/\/lamaisonpalmier.com\/#website"},"datePublished":"2022-11-18T14:45:03+00:00","dateModified":"2026-03-19T17:20:05+00:00","description":"La Maison Palmier (Member of Design Hotels) - Le Bar Palmier, nouveau Bar au coeur d'Abidjan, venez prendre un verre sur l'une de nos terrasses parisiennes. R\u00e9servez une table ici !","breadcrumb":{"@id":"https:\/\/www.lamaisonpalmier.com\/le-bar-palmier#breadcrumb"},"inLanguage":"en-GB","potentialAction":[{"@type":"ReadAction","target":["https:\/\/www.lamaisonpalmier.com\/le-bar-palmier"]}]},{"@type":"BreadcrumbList","@id":"https:\/\/www.lamaisonpalmier.com\/le-bar-palmier#breadcrumb","itemListElement":[{"@type":"ListItem","position":1,"name":"Accueil","item":"https:\/\/www.lamaisonpalmier.com\/"},{"@type":"ListItem","position":2,"name":"Le Bar"}]},{"@type":"WebSite","@id":"https:\/\/lamaisonpalmier.com\/#website","url":"https:\/\/lamaisonpalmier.com\/","name":"La Maison Palmier","description":"Boutique H\u00f4tel de Luxe d&#039;Abidjan","potentialAction":[{"@type":"SearchAction","target":{"@type":"EntryPoint","urlTemplate":"https:\/\/lamaisonpalmier.com\/?s={search_term_string}"},"query-input":{"@type":"PropertyValueSpecification","valueRequired":true,"valueName":"search_term_string"}}],"inLanguage":"en-GB"}]}},"_links":{"self":[{"href":"https:\/\/www.lamaisonpalmier.com\/en\/wp-json\/wp\/v2\/pages\/613","targetHints":{"allow":["GET"]}}],"collection":[{"href":"https:\/\/www.lamaisonpalmier.com\/en\/wp-json\/wp\/v2\/pages"}],"about":[{"href":"https:\/\/www.lamaisonpalmier.com\/en\/wp-json\/wp\/v2\/types\/page"}],"author":[{"embeddable":true,"href":"https:\/\/www.lamaisonpalmier.com\/en\/wp-json\/wp\/v2\/users\/1"}],"replies":[{"embeddable":true,"href":"https:\/\/www.lamaisonpalmier.com\/en\/wp-json\/wp\/v2\/comments?post=613"}],"version-history":[{"count":92,"href":"https:\/\/www.lamaisonpalmier.com\/en\/wp-json\/wp\/v2\/pages\/613\/revisions"}],"predecessor-version":[{"id":5053,"href":"https:\/\/www.lamaisonpalmier.com\/en\/wp-json\/wp\/v2\/pages\/613\/revisions\/5053"}],"wp:attachment":[{"href":"https:\/\/www.lamaisonpalmier.com\/en\/wp-json\/wp\/v2\/media?parent=613"}],"curies":[{"name":"wp","href":"https:\/\/api.w.org\/{rel}","templated":true}]}}