{"id":699,"date":"2022-11-20T06:29:35","date_gmt":"2022-11-20T06:29:35","guid":{"rendered":"https:\/\/lamaisonpalmier.fr\/?page_id=699"},"modified":"2024-01-02T10:30:30","modified_gmt":"2024-01-02T10:30:30","slug":"offres","status":"publish","type":"page","link":"https:\/\/www.lamaisonpalmier.com\/en\/offres","title":{"rendered":"Offers"},"content":{"rendered":"<div data-elementor-type=\"wp-page\" data-elementor-id=\"699\" class=\"elementor elementor-699\" data-elementor-post-type=\"page\">\n\t\t\t\t\t\t<section class=\"elementor-section elementor-top-section elementor-element elementor-element-a029944 elementor-section-full_width elementor-section-height-min-height elementor-section-stretched elementor-section-height-default elementor-section-items-middle\" data-id=\"a029944\" data-element_type=\"section\" data-settings=\"{&quot;stretch_section&quot;:&quot;section-stretched&quot;,&quot;background_background&quot;:&quot;slideshow&quot;,&quot;background_slideshow_gallery&quot;:[{&quot;id&quot;:2341,&quot;url&quot;:&quot;https:\\\/\\\/lamaisonpalmier.com\\\/wp-content\\\/uploads\\\/2022\\\/11\\\/la_maison_palmier_abidjan_boutique_hotel_OFFRES\\u00a9Yann_Deret.jpg&quot;}],&quot;background_slideshow_loop&quot;:&quot;yes&quot;,&quot;background_slideshow_slide_duration&quot;:5000,&quot;background_slideshow_slide_transition&quot;:&quot;fade&quot;,&quot;background_slideshow_transition_duration&quot;:500}\">\n\t\t\t\t\t\t<div class=\"elementor-container elementor-column-gap-default\">\n\t\t\t\t\t<div class=\"elementor-column elementor-col-100 elementor-top-column elementor-element elementor-element-b90011b\" data-id=\"b90011b\" data-element_type=\"column\" data-settings=\"{&quot;background_background&quot;:&quot;classic&quot;}\">\n\t\t\t<div class=\"elementor-widget-wrap\">\n\t\t\t\t\t\t\t<\/div>\n\t\t<\/div>\n\t\t\t\t\t<\/div>\n\t\t<\/section>\n\t\t\t\t<section class=\"elementor-section elementor-top-section elementor-element elementor-element-6681f23 elementor-section-boxed elementor-section-height-default elementor-section-height-default elementor-invisible\" data-id=\"6681f23\" data-element_type=\"section\" data-settings=\"{&quot;background_background&quot;:&quot;classic&quot;,&quot;animation&quot;:&quot;fadeIn&quot;}\">\n\t\t\t\t\t\t<div class=\"elementor-container elementor-column-gap-default\">\n\t\t\t\t\t<div class=\"elementor-column elementor-col-100 elementor-top-column elementor-element elementor-element-d23ed9b\" data-id=\"d23ed9b\" data-element_type=\"column\">\n\t\t\t<div class=\"elementor-widget-wrap elementor-element-populated\">\n\t\t\t\t\t\t<div class=\"elementor-element elementor-element-d1a1131 elementor-widget elementor-widget-heading\" data-id=\"d1a1131\" data-element_type=\"widget\" data-widget_type=\"heading.default\">\n\t\t\t\t<div class=\"elementor-widget-container\">\n\t\t\t\t\t<h1 class=\"elementor-heading-title elementor-size-default\">Offers<\/h1>\t\t\t\t<\/div>\n\t\t\t\t<\/div>\n\t\t\t\t<div class=\"elementor-element elementor-element-b397fa1 elementor-widget elementor-widget-spacer\" data-id=\"b397fa1\" data-element_type=\"widget\" data-widget_type=\"spacer.default\">\n\t\t\t\t<div class=\"elementor-widget-container\">\n\t\t\t\t\t\t\t<div class=\"elementor-spacer\">\n\t\t\t<div class=\"elementor-spacer-inner\"><\/div>\n\t\t<\/div>\n\t\t\t\t\t\t<\/div>\n\t\t\t\t<\/div>\n\t\t\t\t<div class=\"elementor-element elementor-element-5d5d8ae elementor-widget elementor-widget-text-editor\" data-id=\"5d5d8ae\" data-element_type=\"widget\" data-widget_type=\"text-editor.default\">\n\t\t\t\t<div class=\"elementor-widget-container\">\n\t\t\t\t\t\t\t\t\t<p style=\"text-align: center\"><b>La Maison Palmier<\/b><\/p><p style=\"text-align: center\">Our greatest wish is to make your stay unforgettable. We create unique offers just for you to make your experience the best memory of your life.<\/p>\t\t\t\t\t\t\t\t<\/div>\n\t\t\t\t<\/div>\n\t\t\t\t<div class=\"elementor-element elementor-element-ff19e37 elementor-hidden-desktop elementor-hidden-tablet elementor-hidden-mobile elementor-widget elementor-widget-text-editor\" data-id=\"ff19e37\" data-element_type=\"widget\" data-widget_type=\"text-editor.default\">\n\t\t\t\t<div class=\"elementor-widget-container\">\n\t\t\t\t\t\t\t\t\t<p style=\"text-align: center\"><b>No current offers <\/b><\/p><p style=\"text-align: center\">\u00a0<\/p>\t\t\t\t\t\t\t\t<\/div>\n\t\t\t\t<\/div>\n\t\t\t\t\t<\/div>\n\t\t<\/div>\n\t\t\t\t\t<\/div>\n\t\t<\/section>\n\t\t\t\t<section class=\"elementor-section elementor-top-section elementor-element elementor-element-3bd0c69 elementor-section-boxed elementor-section-height-default elementor-section-height-default elementor-invisible\" data-id=\"3bd0c69\" data-element_type=\"section\" data-settings=\"{&quot;background_background&quot;:&quot;classic&quot;,&quot;animation&quot;:&quot;fadeIn&quot;}\">\n\t\t\t\t\t\t<div class=\"elementor-container elementor-column-gap-default\">\n\t\t\t\t\t<div class=\"elementor-column elementor-col-100 elementor-top-column elementor-element elementor-element-6b25a72\" data-id=\"6b25a72\" data-element_type=\"column\">\n\t\t\t<div class=\"elementor-widget-wrap elementor-element-populated\">\n\t\t\t\t\t\t<section class=\"elementor-section elementor-inner-section elementor-element elementor-element-be1c556 elementor-hidden-desktop elementor-hidden-tablet elementor-hidden-mobile elementor-section-boxed elementor-section-height-default elementor-section-height-default\" data-id=\"be1c556\" data-element_type=\"section\">\n\t\t\t\t\t\t<div class=\"elementor-container elementor-column-gap-default\">\n\t\t\t\t\t<div class=\"elementor-column elementor-col-50 elementor-inner-column elementor-element elementor-element-8a0e60d\" data-id=\"8a0e60d\" data-element_type=\"column\">\n\t\t\t<div class=\"elementor-widget-wrap elementor-element-populated\">\n\t\t\t\t\t\t<div class=\"elementor-element elementor-element-7e4fd5d elementor-widget elementor-widget-heading\" data-id=\"7e4fd5d\" data-element_type=\"widget\" data-widget_type=\"heading.default\">\n\t\t\t\t<div class=\"elementor-widget-container\">\n\t\t\t\t\t<h2 class=\"elementor-heading-title elementor-size-default\">S\u00c9JOUR FAMILLE\n<\/h2>\t\t\t\t<\/div>\n\t\t\t\t<\/div>\n\t\t\t\t<div class=\"elementor-element elementor-element-9b46dcd elementor-widget elementor-widget-heading\" data-id=\"9b46dcd\" data-element_type=\"widget\" data-widget_type=\"heading.default\">\n\t\t\t\t<div class=\"elementor-widget-container\">\n\t\t\t\t\t<h3 class=\"elementor-heading-title elementor-size-default\">CONFORT ET REPOS\n<\/h3>\t\t\t\t<\/div>\n\t\t\t\t<\/div>\n\t\t\t\t<div class=\"elementor-element elementor-element-da29d47 elementor-widget elementor-widget-text-editor\" data-id=\"da29d47\" data-element_type=\"widget\" data-widget_type=\"text-editor.default\">\n\t\t\t\t<div class=\"elementor-widget-container\">\n\t\t\t\t\t\t\t\t\t<p><span style=\"color: var( --e-global-color-text );letter-spacing: 1.95px\">Le plaisir pour tous ! La Maison Palmier vous propose une offre qui sera ravir les petits comme les grands.<\/span><\/p><p>L\u2019offre \u00ab S\u00e9jour Famille \u00bb comprend :<\/p><p>Un luxueux s\u00e9jour,<\/p><p>50 % de remise sur la chambre des enfants (chambre proche ou communicante)<\/p><p>Le petit d\u00e9jeuner am\u00e9ricain<\/p><p>Tarifs :<\/p><p>\u00c0 partir de 1 690 \u20ac<\/p><p>Rates change depending on the period.\u00a0<\/p><p>Contactez-nous et mentionnez \u2018Chambre &amp; Petit d\u00e9jeuner&rsquo;<\/p><p>T : +225 27 22 22 00 00<\/p><p>reservations.palmier@lamaisonpalmier.com<\/p>\t\t\t\t\t\t\t\t<\/div>\n\t\t\t\t<\/div>\n\t\t\t\t<div class=\"elementor-element elementor-element-22f466c elementor-align-left elementor-widget elementor-widget-button\" data-id=\"22f466c\" data-element_type=\"widget\" data-widget_type=\"button.default\">\n\t\t\t\t<div class=\"elementor-widget-container\">\n\t\t\t\t\t\t\t\t\t<div class=\"elementor-button-wrapper\">\n\t\t\t\t\t<a class=\"elementor-button elementor-button-link elementor-size-sm\" href=\"mailto:reservations.palmier@lamaisonpalmier.com\">\n\t\t\t\t\t\t<span class=\"elementor-button-content-wrapper\">\n\t\t\t\t\t\t\t\t\t<span class=\"elementor-button-text\">Book your stay<\/span>\n\t\t\t\t\t<\/span>\n\t\t\t\t\t<\/a>\n\t\t\t\t<\/div>\n\t\t\t\t\t\t\t\t<\/div>\n\t\t\t\t<\/div>\n\t\t\t\t\t<\/div>\n\t\t<\/div>\n\t\t\t\t<div class=\"elementor-column elementor-col-50 elementor-inner-column elementor-element elementor-element-f8ed895\" data-id=\"f8ed895\" data-element_type=\"column\">\n\t\t\t<div class=\"elementor-widget-wrap elementor-element-populated\">\n\t\t\t\t\t\t<div class=\"elementor-element elementor-element-1dbb72b img-portrait elementor-widget elementor-widget-image\" data-id=\"1dbb72b\" data-element_type=\"widget\" data-widget_type=\"image.default\">\n\t\t\t\t<div class=\"elementor-widget-container\">\n\t\t\t\t\t\t\t\t\t\t\t\t\t\t\t<img fetchpriority=\"high\" decoding=\"async\" width=\"920\" height=\"1152\" src=\"https:\/\/www.lamaisonpalmier.com\/wp-content\/uploads\/2022\/11\/16_3_la_maison_palmier_abidjan_boutique_offres_\u00a9Yann_Deret.jpg\" class=\"attachment-full size-full wp-image-704\" alt=\"\" srcset=\"https:\/\/www.lamaisonpalmier.com\/wp-content\/uploads\/2022\/11\/16_3_la_maison_palmier_abidjan_boutique_offres_\u00a9Yann_Deret.jpg 920w, https:\/\/www.lamaisonpalmier.com\/wp-content\/uploads\/2022\/11\/16_3_la_maison_palmier_abidjan_boutique_offres_\u00a9Yann_Deret-240x300.jpg 240w, https:\/\/www.lamaisonpalmier.com\/wp-content\/uploads\/2022\/11\/16_3_la_maison_palmier_abidjan_boutique_offres_\u00a9Yann_Deret-818x1024.jpg 818w, https:\/\/www.lamaisonpalmier.com\/wp-content\/uploads\/2022\/11\/16_3_la_maison_palmier_abidjan_boutique_offres_\u00a9Yann_Deret-768x962.jpg 768w, https:\/\/www.lamaisonpalmier.com\/wp-content\/uploads\/2022\/11\/16_3_la_maison_palmier_abidjan_boutique_offres_\u00a9Yann_Deret-10x12.jpg 10w, https:\/\/www.lamaisonpalmier.com\/wp-content\/uploads\/2022\/11\/elementor\/thumbs\/16_3_la_maison_palmier_abidjan_boutique_offres_\u00a9Yann_Deret-pxz9iis3ux1iuwljxj429bpnqxqx5dpgunk2orxd3o.jpg 360w\" sizes=\"(max-width: 920px) 100vw, 920px\" \/>\t\t\t\t\t\t\t\t\t\t\t\t\t\t\t<\/div>\n\t\t\t\t<\/div>\n\t\t\t\t\t<\/div>\n\t\t<\/div>\n\t\t\t\t\t<\/div>\n\t\t<\/section>\n\t\t\t\t\t<\/div>\n\t\t<\/div>\n\t\t\t\t\t<\/div>\n\t\t<\/section>\n\t\t\t\t<section class=\"elementor-section elementor-top-section elementor-element elementor-element-d8a8498 elementor-section-boxed elementor-section-height-default elementor-section-height-default\" data-id=\"d8a8498\" data-element_type=\"section\">\n\t\t\t\t\t\t<div class=\"elementor-container elementor-column-gap-default\">\n\t\t\t\t\t<div class=\"elementor-column elementor-col-100 elementor-top-column elementor-element elementor-element-85e3163\" data-id=\"85e3163\" data-element_type=\"column\">\n\t\t\t<div class=\"elementor-widget-wrap elementor-element-populated\">\n\t\t\t\t\t\t<div class=\"elementor-element elementor-element-9302b39 elementor-widget elementor-widget-spacer\" data-id=\"9302b39\" data-element_type=\"widget\" data-widget_type=\"spacer.default\">\n\t\t\t\t<div class=\"elementor-widget-container\">\n\t\t\t\t\t\t\t<div class=\"elementor-spacer\">\n\t\t\t<div class=\"elementor-spacer-inner\"><\/div>\n\t\t<\/div>\n\t\t\t\t\t\t<\/div>\n\t\t\t\t<\/div>\n\t\t\t\t\t<\/div>\n\t\t<\/div>\n\t\t\t\t\t<\/div>\n\t\t<\/section>\n\t\t\t\t<\/div>","protected":false},"excerpt":{"rendered":"<p>Offres La Maison Palmier Notre plus grand souhait, c&rsquo;est de rendre votre s\u00e9jour inoubliable. Nous cr\u00e9ons des offres uniques rien que pour vous afin de faire vivre une exp\u00e9rience unique, le meilleur souvenir de votre vie. Aucune offre en cours \u00a0 S\u00c9JOUR FAMILLE CONFORT ET REPOS Le plaisir pour tous ! La Maison Palmier vous [&hellip;]<\/p>","protected":false},"author":10,"featured_media":0,"parent":0,"menu_order":0,"comment_status":"closed","ping_status":"closed","template":"elementor_header_footer","meta":{"inline_featured_image":false,"footnotes":""},"class_list":["post-699","page","type-page","status-publish","hentry"],"yoast_head":"<!-- This site is optimized with the Yoast SEO plugin v26.5 - https:\/\/yoast.com\/wordpress\/plugins\/seo\/ -->\n<title>Offres - La Maison Palmier<\/title>\n<meta name=\"description\" content=\"La Maison Palmier (Member of Design Hotels) - Offres. EXP\u00c9RIENCES IN\u00c9DITES. Vacances dans une suite. Passez No\u00ebl ou le r\u00e9veillon du Nouvel An dans un oasis de fra\u00eecheur au coeur de la capitale ivoirienne. B\u00e9n\u00e9ficiez de prix imbattables!\" \/>\n<meta name=\"robots\" content=\"index, follow, max-snippet:-1, max-image-preview:large, max-video-preview:-1\" \/>\n<link rel=\"canonical\" href=\"https:\/\/www.lamaisonpalmier.com\/en\/offres\" \/>\n<meta property=\"og:locale\" content=\"en_GB\" \/>\n<meta property=\"og:type\" content=\"article\" \/>\n<meta property=\"og:title\" content=\"Offres - La Maison Palmier\" \/>\n<meta property=\"og:description\" content=\"La Maison Palmier (Member of Design Hotels) - Offres. EXP\u00c9RIENCES IN\u00c9DITES. Vacances dans une suite. Passez No\u00ebl ou le r\u00e9veillon du Nouvel An dans un oasis de fra\u00eecheur au coeur de la capitale ivoirienne. B\u00e9n\u00e9ficiez de prix imbattables!\" \/>\n<meta property=\"og:url\" content=\"https:\/\/www.lamaisonpalmier.com\/en\/offres\" \/>\n<meta property=\"og:site_name\" content=\"La Maison Palmier\" \/>\n<meta property=\"article:modified_time\" content=\"2024-01-02T10:30:30+00:00\" \/>\n<meta name=\"twitter:card\" content=\"summary_large_image\" \/>\n<meta name=\"twitter:label1\" content=\"Estimated reading time\" \/>\n\t<meta name=\"twitter:data1\" content=\"1 minute\" \/>\n<script type=\"application\/ld+json\" class=\"yoast-schema-graph\">{\"@context\":\"https:\/\/schema.org\",\"@graph\":[{\"@type\":\"WebPage\",\"@id\":\"https:\/\/www.lamaisonpalmier.com\/offres\",\"url\":\"https:\/\/www.lamaisonpalmier.com\/offres\",\"name\":\"Offres - La Maison Palmier\",\"isPartOf\":{\"@id\":\"https:\/\/lamaisonpalmier.com\/#website\"},\"datePublished\":\"2022-11-20T06:29:35+00:00\",\"dateModified\":\"2024-01-02T10:30:30+00:00\",\"description\":\"La Maison Palmier (Member of Design Hotels) - Offres. EXP\u00c9RIENCES IN\u00c9DITES. Vacances dans une suite. Passez No\u00ebl ou le r\u00e9veillon du Nouvel An dans un oasis de fra\u00eecheur au coeur de la capitale ivoirienne. B\u00e9n\u00e9ficiez de prix imbattables!\",\"breadcrumb\":{\"@id\":\"https:\/\/www.lamaisonpalmier.com\/offres#breadcrumb\"},\"inLanguage\":\"en-GB\",\"potentialAction\":[{\"@type\":\"ReadAction\",\"target\":[\"https:\/\/www.lamaisonpalmier.com\/offres\"]}]},{\"@type\":\"BreadcrumbList\",\"@id\":\"https:\/\/www.lamaisonpalmier.com\/offres#breadcrumb\",\"itemListElement\":[{\"@type\":\"ListItem\",\"position\":1,\"name\":\"Accueil\",\"item\":\"https:\/\/www.lamaisonpalmier.com\/\"},{\"@type\":\"ListItem\",\"position\":2,\"name\":\"Offres\"}]},{\"@type\":\"WebSite\",\"@id\":\"https:\/\/lamaisonpalmier.com\/#website\",\"url\":\"https:\/\/lamaisonpalmier.com\/\",\"name\":\"La Maison Palmier\",\"description\":\"Boutique H\u00f4tel de Luxe d&#039;Abidjan\",\"potentialAction\":[{\"@type\":\"SearchAction\",\"target\":{\"@type\":\"EntryPoint\",\"urlTemplate\":\"https:\/\/lamaisonpalmier.com\/?s={search_term_string}\"},\"query-input\":{\"@type\":\"PropertyValueSpecification\",\"valueRequired\":true,\"valueName\":\"search_term_string\"}}],\"inLanguage\":\"en-GB\"}]}<\/script>\n<!-- \/ Yoast SEO plugin. -->","yoast_head_json":{"title":"Offres - La Maison Palmier","description":"La Maison Palmier (Member of Design Hotels) - Offres. EXP\u00c9RIENCES IN\u00c9DITES. Vacances dans une suite. Passez No\u00ebl ou le r\u00e9veillon du Nouvel An dans un oasis de fra\u00eecheur au coeur de la capitale ivoirienne. B\u00e9n\u00e9ficiez de prix imbattables!","robots":{"index":"index","follow":"follow","max-snippet":"max-snippet:-1","max-image-preview":"max-image-preview:large","max-video-preview":"max-video-preview:-1"},"canonical":"https:\/\/www.lamaisonpalmier.com\/en\/offres","og_locale":"en_GB","og_type":"article","og_title":"Offres - La Maison Palmier","og_description":"La Maison Palmier (Member of Design Hotels) - Offres. EXP\u00c9RIENCES IN\u00c9DITES. Vacances dans une suite. Passez No\u00ebl ou le r\u00e9veillon du Nouvel An dans un oasis de fra\u00eecheur au coeur de la capitale ivoirienne. B\u00e9n\u00e9ficiez de prix imbattables!","og_url":"https:\/\/www.lamaisonpalmier.com\/en\/offres","og_site_name":"La Maison Palmier","article_modified_time":"2024-01-02T10:30:30+00:00","twitter_card":"summary_large_image","twitter_misc":{"Estimated reading time":"1 minute"},"schema":{"@context":"https:\/\/schema.org","@graph":[{"@type":"WebPage","@id":"https:\/\/www.lamaisonpalmier.com\/offres","url":"https:\/\/www.lamaisonpalmier.com\/offres","name":"Offres - La Maison Palmier","isPartOf":{"@id":"https:\/\/lamaisonpalmier.com\/#website"},"datePublished":"2022-11-20T06:29:35+00:00","dateModified":"2024-01-02T10:30:30+00:00","description":"La Maison Palmier (Member of Design Hotels) - Offres. EXP\u00c9RIENCES IN\u00c9DITES. Vacances dans une suite. Passez No\u00ebl ou le r\u00e9veillon du Nouvel An dans un oasis de fra\u00eecheur au coeur de la capitale ivoirienne. B\u00e9n\u00e9ficiez de prix imbattables!","breadcrumb":{"@id":"https:\/\/www.lamaisonpalmier.com\/offres#breadcrumb"},"inLanguage":"en-GB","potentialAction":[{"@type":"ReadAction","target":["https:\/\/www.lamaisonpalmier.com\/offres"]}]},{"@type":"BreadcrumbList","@id":"https:\/\/www.lamaisonpalmier.com\/offres#breadcrumb","itemListElement":[{"@type":"ListItem","position":1,"name":"Accueil","item":"https:\/\/www.lamaisonpalmier.com\/"},{"@type":"ListItem","position":2,"name":"Offres"}]},{"@type":"WebSite","@id":"https:\/\/lamaisonpalmier.com\/#website","url":"https:\/\/lamaisonpalmier.com\/","name":"La Maison Palmier","description":"Boutique H\u00f4tel de Luxe d&#039;Abidjan","potentialAction":[{"@type":"SearchAction","target":{"@type":"EntryPoint","urlTemplate":"https:\/\/lamaisonpalmier.com\/?s={search_term_string}"},"query-input":{"@type":"PropertyValueSpecification","valueRequired":true,"valueName":"search_term_string"}}],"inLanguage":"en-GB"}]}},"_links":{"self":[{"href":"https:\/\/www.lamaisonpalmier.com\/en\/wp-json\/wp\/v2\/pages\/699","targetHints":{"allow":["GET"]}}],"collection":[{"href":"https:\/\/www.lamaisonpalmier.com\/en\/wp-json\/wp\/v2\/pages"}],"about":[{"href":"https:\/\/www.lamaisonpalmier.com\/en\/wp-json\/wp\/v2\/types\/page"}],"author":[{"embeddable":true,"href":"https:\/\/www.lamaisonpalmier.com\/en\/wp-json\/wp\/v2\/users\/10"}],"replies":[{"embeddable":true,"href":"https:\/\/www.lamaisonpalmier.com\/en\/wp-json\/wp\/v2\/comments?post=699"}],"version-history":[{"count":212,"href":"https:\/\/www.lamaisonpalmier.com\/en\/wp-json\/wp\/v2\/pages\/699\/revisions"}],"predecessor-version":[{"id":4599,"href":"https:\/\/www.lamaisonpalmier.com\/en\/wp-json\/wp\/v2\/pages\/699\/revisions\/4599"}],"wp:attachment":[{"href":"https:\/\/www.lamaisonpalmier.com\/en\/wp-json\/wp\/v2\/media?parent=699"}],"curies":[{"name":"wp","href":"https:\/\/api.w.org\/{rel}","templated":true}]}}