{"id":822,"date":"2022-11-20T22:55:16","date_gmt":"2022-11-20T22:55:16","guid":{"rendered":"https:\/\/lamaisonpalmier.fr\/?page_id=822"},"modified":"2022-12-08T18:18:20","modified_gmt":"2022-12-08T18:18:20","slug":"restaurant-bar","status":"publish","type":"page","link":"https:\/\/www.lamaisonpalmier.com\/en\/restaurant-bar","title":{"rendered":"Restaurant &amp; Bar"},"content":{"rendered":"<div data-elementor-type=\"wp-page\" data-elementor-id=\"822\" class=\"elementor elementor-822\" data-elementor-post-type=\"page\">\n\t\t\t\t\t\t<section class=\"elementor-section elementor-top-section elementor-element elementor-element-a029944 elementor-section-full_width elementor-section-height-min-height elementor-section-stretched elementor-section-height-default elementor-section-items-middle\" data-id=\"a029944\" data-element_type=\"section\" data-settings=\"{&quot;stretch_section&quot;:&quot;section-stretched&quot;,&quot;background_background&quot;:&quot;slideshow&quot;,&quot;background_slideshow_gallery&quot;:[{&quot;id&quot;:2343,&quot;url&quot;:&quot;https:\\\/\\\/lamaisonpalmier.com\\\/wp-content\\\/uploads\\\/2022\\\/11\\\/la_maison_palmier_abidjan_boutique_hotel_RESTAURANT_BAR.jpg&quot;}],&quot;background_slideshow_loop&quot;:&quot;yes&quot;,&quot;background_slideshow_slide_duration&quot;:5000,&quot;background_slideshow_slide_transition&quot;:&quot;fade&quot;,&quot;background_slideshow_transition_duration&quot;:500}\">\n\t\t\t\t\t\t<div class=\"elementor-container elementor-column-gap-default\">\n\t\t\t\t\t<div class=\"elementor-column elementor-col-100 elementor-top-column elementor-element elementor-element-b90011b\" data-id=\"b90011b\" data-element_type=\"column\" data-settings=\"{&quot;background_background&quot;:&quot;classic&quot;}\">\n\t\t\t<div class=\"elementor-widget-wrap\">\n\t\t\t\t\t\t\t<\/div>\n\t\t<\/div>\n\t\t\t\t\t<\/div>\n\t\t<\/section>\n\t\t\t\t<section class=\"elementor-section elementor-top-section elementor-element elementor-element-348b048 elementor-section-boxed elementor-section-height-default elementor-section-height-default\" data-id=\"348b048\" data-element_type=\"section\" data-settings=\"{&quot;background_background&quot;:&quot;classic&quot;}\">\n\t\t\t\t\t\t<div class=\"elementor-container elementor-column-gap-default\">\n\t\t\t\t\t<div class=\"elementor-column elementor-col-100 elementor-top-column elementor-element elementor-element-4bad30e\" data-id=\"4bad30e\" data-element_type=\"column\">\n\t\t\t<div class=\"elementor-widget-wrap\">\n\t\t\t\t\t\t\t<\/div>\n\t\t<\/div>\n\t\t\t\t\t<\/div>\n\t\t<\/section>\n\t\t\t\t<section class=\"elementor-section elementor-top-section elementor-element elementor-element-3bd0c69 elementor-section-boxed elementor-section-height-default elementor-section-height-default elementor-invisible\" data-id=\"3bd0c69\" data-element_type=\"section\" data-settings=\"{&quot;background_background&quot;:&quot;classic&quot;,&quot;animation&quot;:&quot;fadeIn&quot;}\">\n\t\t\t\t\t\t<div class=\"elementor-container elementor-column-gap-default\">\n\t\t\t\t\t<div class=\"elementor-column elementor-col-100 elementor-top-column elementor-element elementor-element-6b25a72\" data-id=\"6b25a72\" data-element_type=\"column\">\n\t\t\t<div class=\"elementor-widget-wrap elementor-element-populated\">\n\t\t\t\t\t\t<section class=\"elementor-section elementor-inner-section elementor-element elementor-element-4b3f091 elementor-section-boxed elementor-section-height-default elementor-section-height-default elementor-invisible\" data-id=\"4b3f091\" data-element_type=\"section\" data-settings=\"{&quot;animation&quot;:&quot;fadeIn&quot;}\">\n\t\t\t\t\t\t<div class=\"elementor-container elementor-column-gap-default\">\n\t\t\t\t\t<div class=\"elementor-column elementor-col-50 elementor-inner-column elementor-element elementor-element-81f7c55\" data-id=\"81f7c55\" data-element_type=\"column\">\n\t\t\t<div class=\"elementor-widget-wrap elementor-element-populated\">\n\t\t\t\t\t\t<div class=\"elementor-element elementor-element-8451867 img-portrait2 elementor-widget elementor-widget-image\" data-id=\"8451867\" data-element_type=\"widget\" data-widget_type=\"image.default\">\n\t\t\t\t<div class=\"elementor-widget-container\">\n\t\t\t\t\t\t\t\t\t\t\t\t\t\t\t\t<a href=\"https:\/\/www.lamaisonpalmier.com\/en\/restaurant-le-bistrot-palmier\">\n\t\t\t\t\t\t\t<img fetchpriority=\"high\" decoding=\"async\" width=\"1440\" height=\"1800\" src=\"https:\/\/www.lamaisonpalmier.com\/wp-content\/uploads\/2022\/11\/la_maison_palmier_abidjan_boutique_hotel_RESTAURANT_LE_BISTROT_PALMIER.jpg\" class=\"attachment-full size-full wp-image-2367\" alt=\"\" srcset=\"https:\/\/www.lamaisonpalmier.com\/wp-content\/uploads\/2022\/11\/la_maison_palmier_abidjan_boutique_hotel_RESTAURANT_LE_BISTROT_PALMIER.jpg 1440w, https:\/\/www.lamaisonpalmier.com\/wp-content\/uploads\/2022\/11\/la_maison_palmier_abidjan_boutique_hotel_RESTAURANT_LE_BISTROT_PALMIER-240x300.jpg 240w, https:\/\/www.lamaisonpalmier.com\/wp-content\/uploads\/2022\/11\/la_maison_palmier_abidjan_boutique_hotel_RESTAURANT_LE_BISTROT_PALMIER-819x1024.jpg 819w, https:\/\/www.lamaisonpalmier.com\/wp-content\/uploads\/2022\/11\/la_maison_palmier_abidjan_boutique_hotel_RESTAURANT_LE_BISTROT_PALMIER-768x960.jpg 768w, https:\/\/www.lamaisonpalmier.com\/wp-content\/uploads\/2022\/11\/la_maison_palmier_abidjan_boutique_hotel_RESTAURANT_LE_BISTROT_PALMIER-1229x1536.jpg 1229w, https:\/\/www.lamaisonpalmier.com\/wp-content\/uploads\/2022\/11\/la_maison_palmier_abidjan_boutique_hotel_RESTAURANT_LE_BISTROT_PALMIER-10x12.jpg 10w\" sizes=\"(max-width: 1440px) 100vw, 1440px\" \/>\t\t\t\t\t\t\t\t<\/a>\n\t\t\t\t\t\t\t\t\t\t\t\t\t\t\t<\/div>\n\t\t\t\t<\/div>\n\t\t\t\t<div class=\"elementor-element elementor-element-cf6dd0e elementor-widget elementor-widget-heading\" data-id=\"cf6dd0e\" data-element_type=\"widget\" data-widget_type=\"heading.default\">\n\t\t\t\t<div class=\"elementor-widget-container\">\n\t\t\t\t\t<h2 class=\"elementor-heading-title elementor-size-default\">Le Bistrot Palmier<\/h2>\t\t\t\t<\/div>\n\t\t\t\t<\/div>\n\t\t\t\t<div class=\"elementor-element elementor-element-8da5b56 elementor-align-center elementor-widget elementor-widget-button\" data-id=\"8da5b56\" data-element_type=\"widget\" data-widget_type=\"button.default\">\n\t\t\t\t<div class=\"elementor-widget-container\">\n\t\t\t\t\t\t\t\t\t<div class=\"elementor-button-wrapper\">\n\t\t\t\t\t<a class=\"elementor-button elementor-button-link elementor-size-sm\" href=\"https:\/\/www.lamaisonpalmier.com\/en\/restaurant-le-bistrot-palmier\">\n\t\t\t\t\t\t<span class=\"elementor-button-content-wrapper\">\n\t\t\t\t\t\t\t\t\t<span class=\"elementor-button-text\">Discover<\/span>\n\t\t\t\t\t<\/span>\n\t\t\t\t\t<\/a>\n\t\t\t\t<\/div>\n\t\t\t\t\t\t\t\t<\/div>\n\t\t\t\t<\/div>\n\t\t\t\t\t<\/div>\n\t\t<\/div>\n\t\t\t\t<div class=\"elementor-column elementor-col-50 elementor-inner-column elementor-element elementor-element-e98b2d7\" data-id=\"e98b2d7\" data-element_type=\"column\">\n\t\t\t<div class=\"elementor-widget-wrap elementor-element-populated\">\n\t\t\t\t\t\t<div class=\"elementor-element elementor-element-3caea17 img-portrait2 elementor-widget elementor-widget-image\" data-id=\"3caea17\" data-element_type=\"widget\" data-widget_type=\"image.default\">\n\t\t\t\t<div class=\"elementor-widget-container\">\n\t\t\t\t\t\t\t\t\t\t\t\t\t\t\t\t<a href=\"https:\/\/www.lamaisonpalmier.com\/en\/le-bar-palmier\">\n\t\t\t\t\t\t\t<img decoding=\"async\" width=\"1440\" height=\"1800\" src=\"https:\/\/www.lamaisonpalmier.com\/wp-content\/uploads\/2022\/11\/la_maison_palmier_abidjan_boutique_hotel_LE_BAR.jpg\" class=\"attachment-full size-full wp-image-2356\" alt=\"\" srcset=\"https:\/\/www.lamaisonpalmier.com\/wp-content\/uploads\/2022\/11\/la_maison_palmier_abidjan_boutique_hotel_LE_BAR.jpg 1440w, https:\/\/www.lamaisonpalmier.com\/wp-content\/uploads\/2022\/11\/la_maison_palmier_abidjan_boutique_hotel_LE_BAR-240x300.jpg 240w, https:\/\/www.lamaisonpalmier.com\/wp-content\/uploads\/2022\/11\/la_maison_palmier_abidjan_boutique_hotel_LE_BAR-819x1024.jpg 819w, https:\/\/www.lamaisonpalmier.com\/wp-content\/uploads\/2022\/11\/la_maison_palmier_abidjan_boutique_hotel_LE_BAR-768x960.jpg 768w, https:\/\/www.lamaisonpalmier.com\/wp-content\/uploads\/2022\/11\/la_maison_palmier_abidjan_boutique_hotel_LE_BAR-1229x1536.jpg 1229w, https:\/\/www.lamaisonpalmier.com\/wp-content\/uploads\/2022\/11\/la_maison_palmier_abidjan_boutique_hotel_LE_BAR-10x12.jpg 10w\" sizes=\"(max-width: 1440px) 100vw, 1440px\" \/>\t\t\t\t\t\t\t\t<\/a>\n\t\t\t\t\t\t\t\t\t\t\t\t\t\t\t<\/div>\n\t\t\t\t<\/div>\n\t\t\t\t<div class=\"elementor-element elementor-element-5e29c9b elementor-widget elementor-widget-heading\" data-id=\"5e29c9b\" data-element_type=\"widget\" data-widget_type=\"heading.default\">\n\t\t\t\t<div class=\"elementor-widget-container\">\n\t\t\t\t\t<h2 class=\"elementor-heading-title elementor-size-default\">Le bar<\/h2>\t\t\t\t<\/div>\n\t\t\t\t<\/div>\n\t\t\t\t<div class=\"elementor-element elementor-element-3481a14 elementor-align-center elementor-widget elementor-widget-button\" data-id=\"3481a14\" data-element_type=\"widget\" data-widget_type=\"button.default\">\n\t\t\t\t<div class=\"elementor-widget-container\">\n\t\t\t\t\t\t\t\t\t<div class=\"elementor-button-wrapper\">\n\t\t\t\t\t<a class=\"elementor-button elementor-button-link elementor-size-sm\" href=\"https:\/\/www.lamaisonpalmier.com\/en\/le-bar-palmier\">\n\t\t\t\t\t\t<span class=\"elementor-button-content-wrapper\">\n\t\t\t\t\t\t\t\t\t<span class=\"elementor-button-text\">Discover<\/span>\n\t\t\t\t\t<\/span>\n\t\t\t\t\t<\/a>\n\t\t\t\t<\/div>\n\t\t\t\t\t\t\t\t<\/div>\n\t\t\t\t<\/div>\n\t\t\t\t\t<\/div>\n\t\t<\/div>\n\t\t\t\t\t<\/div>\n\t\t<\/section>\n\t\t\t\t\t<\/div>\n\t\t<\/div>\n\t\t\t\t\t<\/div>\n\t\t<\/section>\n\t\t\t\t<\/div>","protected":false},"excerpt":{"rendered":"<p>Le Bistrot Palmier D\u00e9couvrir Le bar D\u00e9couvrir<\/p>","protected":false},"author":10,"featured_media":0,"parent":0,"menu_order":0,"comment_status":"closed","ping_status":"closed","template":"elementor_header_footer","meta":{"inline_featured_image":false,"footnotes":""},"class_list":["post-822","page","type-page","status-publish","hentry"],"yoast_head":"<!-- This site is optimized with the Yoast SEO plugin v26.5 - https:\/\/yoast.com\/wordpress\/plugins\/seo\/ -->\n<title>Restaurant &amp; Bar - La Maison Palmier<\/title>\n<meta name=\"description\" content=\"La Maison Palmier (Member of Design Hotels) - Dans notre restaurant Le Bistrot Palmier et Le Bar Palmier, vivez une exp\u00e9rience culinaire pleine de saveurs et de plats \u00e0 partager. R\u00e9servez une table ici !\" \/>\n<meta name=\"robots\" content=\"index, follow, max-snippet:-1, max-image-preview:large, max-video-preview:-1\" \/>\n<link rel=\"canonical\" href=\"https:\/\/www.lamaisonpalmier.com\/en\/restaurant-bar\" \/>\n<meta property=\"og:locale\" content=\"en_GB\" \/>\n<meta property=\"og:type\" content=\"article\" \/>\n<meta property=\"og:title\" content=\"Restaurant &amp; Bar - La Maison Palmier\" \/>\n<meta property=\"og:description\" content=\"La Maison Palmier (Member of Design Hotels) - Dans notre restaurant Le Bistrot Palmier et Le Bar Palmier, vivez une exp\u00e9rience culinaire pleine de saveurs et de plats \u00e0 partager. R\u00e9servez une table ici !\" \/>\n<meta property=\"og:url\" content=\"https:\/\/www.lamaisonpalmier.com\/en\/restaurant-bar\" \/>\n<meta property=\"og:site_name\" content=\"La Maison Palmier\" \/>\n<meta property=\"article:modified_time\" content=\"2022-12-08T18:18:20+00:00\" \/>\n<meta property=\"og:image\" content=\"https:\/\/www.lamaisonpalmier.com\/wp-content\/uploads\/2022\/11\/la_maison_palmier_abidjan_boutique_hotel_RESTAURANT_LE_BISTROT_PALMIER.jpg\" \/>\n<meta name=\"twitter:card\" content=\"summary_large_image\" \/>\n<meta name=\"twitter:label1\" content=\"Estimated reading time\" \/>\n\t<meta name=\"twitter:data1\" content=\"1 minute\" \/>\n<script type=\"application\/ld+json\" class=\"yoast-schema-graph\">{\"@context\":\"https:\/\/schema.org\",\"@graph\":[{\"@type\":\"WebPage\",\"@id\":\"https:\/\/www.lamaisonpalmier.com\/restaurant-bar\",\"url\":\"https:\/\/www.lamaisonpalmier.com\/restaurant-bar\",\"name\":\"Restaurant & Bar - La Maison Palmier\",\"isPartOf\":{\"@id\":\"https:\/\/lamaisonpalmier.com\/#website\"},\"primaryImageOfPage\":{\"@id\":\"https:\/\/www.lamaisonpalmier.com\/restaurant-bar#primaryimage\"},\"image\":{\"@id\":\"https:\/\/www.lamaisonpalmier.com\/restaurant-bar#primaryimage\"},\"thumbnailUrl\":\"https:\/\/www.lamaisonpalmier.com\/wp-content\/uploads\/2022\/11\/la_maison_palmier_abidjan_boutique_hotel_RESTAURANT_LE_BISTROT_PALMIER.jpg\",\"datePublished\":\"2022-11-20T22:55:16+00:00\",\"dateModified\":\"2022-12-08T18:18:20+00:00\",\"description\":\"La Maison Palmier (Member of Design Hotels) - Dans notre restaurant Le Bistrot Palmier et Le Bar Palmier, vivez une exp\u00e9rience culinaire pleine de saveurs et de plats \u00e0 partager. R\u00e9servez une table ici !\",\"breadcrumb\":{\"@id\":\"https:\/\/www.lamaisonpalmier.com\/restaurant-bar#breadcrumb\"},\"inLanguage\":\"en-GB\",\"potentialAction\":[{\"@type\":\"ReadAction\",\"target\":[\"https:\/\/www.lamaisonpalmier.com\/restaurant-bar\"]}]},{\"@type\":\"ImageObject\",\"inLanguage\":\"en-GB\",\"@id\":\"https:\/\/www.lamaisonpalmier.com\/restaurant-bar#primaryimage\",\"url\":\"https:\/\/www.lamaisonpalmier.com\/wp-content\/uploads\/2022\/11\/la_maison_palmier_abidjan_boutique_hotel_RESTAURANT_LE_BISTROT_PALMIER.jpg\",\"contentUrl\":\"https:\/\/www.lamaisonpalmier.com\/wp-content\/uploads\/2022\/11\/la_maison_palmier_abidjan_boutique_hotel_RESTAURANT_LE_BISTROT_PALMIER.jpg\"},{\"@type\":\"BreadcrumbList\",\"@id\":\"https:\/\/www.lamaisonpalmier.com\/restaurant-bar#breadcrumb\",\"itemListElement\":[{\"@type\":\"ListItem\",\"position\":1,\"name\":\"Accueil\",\"item\":\"https:\/\/www.lamaisonpalmier.com\/\"},{\"@type\":\"ListItem\",\"position\":2,\"name\":\"Restaurant &#038; Bar\"}]},{\"@type\":\"WebSite\",\"@id\":\"https:\/\/lamaisonpalmier.com\/#website\",\"url\":\"https:\/\/lamaisonpalmier.com\/\",\"name\":\"La Maison Palmier\",\"description\":\"Boutique H\u00f4tel de Luxe d&#039;Abidjan\",\"potentialAction\":[{\"@type\":\"SearchAction\",\"target\":{\"@type\":\"EntryPoint\",\"urlTemplate\":\"https:\/\/lamaisonpalmier.com\/?s={search_term_string}\"},\"query-input\":{\"@type\":\"PropertyValueSpecification\",\"valueRequired\":true,\"valueName\":\"search_term_string\"}}],\"inLanguage\":\"en-GB\"}]}<\/script>\n<!-- \/ Yoast SEO plugin. -->","yoast_head_json":{"title":"Restaurant & Bar - La Maison Palmier","description":"La Maison Palmier (Member of Design Hotels) - Dans notre restaurant Le Bistrot Palmier et Le Bar Palmier, vivez une exp\u00e9rience culinaire pleine de saveurs et de plats \u00e0 partager. R\u00e9servez une table ici !","robots":{"index":"index","follow":"follow","max-snippet":"max-snippet:-1","max-image-preview":"max-image-preview:large","max-video-preview":"max-video-preview:-1"},"canonical":"https:\/\/www.lamaisonpalmier.com\/en\/restaurant-bar","og_locale":"en_GB","og_type":"article","og_title":"Restaurant & Bar - La Maison Palmier","og_description":"La Maison Palmier (Member of Design Hotels) - Dans notre restaurant Le Bistrot Palmier et Le Bar Palmier, vivez une exp\u00e9rience culinaire pleine de saveurs et de plats \u00e0 partager. R\u00e9servez une table ici !","og_url":"https:\/\/www.lamaisonpalmier.com\/en\/restaurant-bar","og_site_name":"La Maison Palmier","article_modified_time":"2022-12-08T18:18:20+00:00","og_image":[{"url":"https:\/\/www.lamaisonpalmier.com\/wp-content\/uploads\/2022\/11\/la_maison_palmier_abidjan_boutique_hotel_RESTAURANT_LE_BISTROT_PALMIER.jpg","type":"","width":"","height":""}],"twitter_card":"summary_large_image","twitter_misc":{"Estimated reading time":"1 minute"},"schema":{"@context":"https:\/\/schema.org","@graph":[{"@type":"WebPage","@id":"https:\/\/www.lamaisonpalmier.com\/restaurant-bar","url":"https:\/\/www.lamaisonpalmier.com\/restaurant-bar","name":"Restaurant & Bar - La Maison Palmier","isPartOf":{"@id":"https:\/\/lamaisonpalmier.com\/#website"},"primaryImageOfPage":{"@id":"https:\/\/www.lamaisonpalmier.com\/restaurant-bar#primaryimage"},"image":{"@id":"https:\/\/www.lamaisonpalmier.com\/restaurant-bar#primaryimage"},"thumbnailUrl":"https:\/\/www.lamaisonpalmier.com\/wp-content\/uploads\/2022\/11\/la_maison_palmier_abidjan_boutique_hotel_RESTAURANT_LE_BISTROT_PALMIER.jpg","datePublished":"2022-11-20T22:55:16+00:00","dateModified":"2022-12-08T18:18:20+00:00","description":"La Maison Palmier (Member of Design Hotels) - Dans notre restaurant Le Bistrot Palmier et Le Bar Palmier, vivez une exp\u00e9rience culinaire pleine de saveurs et de plats \u00e0 partager. R\u00e9servez une table ici !","breadcrumb":{"@id":"https:\/\/www.lamaisonpalmier.com\/restaurant-bar#breadcrumb"},"inLanguage":"en-GB","potentialAction":[{"@type":"ReadAction","target":["https:\/\/www.lamaisonpalmier.com\/restaurant-bar"]}]},{"@type":"ImageObject","inLanguage":"en-GB","@id":"https:\/\/www.lamaisonpalmier.com\/restaurant-bar#primaryimage","url":"https:\/\/www.lamaisonpalmier.com\/wp-content\/uploads\/2022\/11\/la_maison_palmier_abidjan_boutique_hotel_RESTAURANT_LE_BISTROT_PALMIER.jpg","contentUrl":"https:\/\/www.lamaisonpalmier.com\/wp-content\/uploads\/2022\/11\/la_maison_palmier_abidjan_boutique_hotel_RESTAURANT_LE_BISTROT_PALMIER.jpg"},{"@type":"BreadcrumbList","@id":"https:\/\/www.lamaisonpalmier.com\/restaurant-bar#breadcrumb","itemListElement":[{"@type":"ListItem","position":1,"name":"Accueil","item":"https:\/\/www.lamaisonpalmier.com\/"},{"@type":"ListItem","position":2,"name":"Restaurant &#038; Bar"}]},{"@type":"WebSite","@id":"https:\/\/lamaisonpalmier.com\/#website","url":"https:\/\/lamaisonpalmier.com\/","name":"La Maison Palmier","description":"Boutique H\u00f4tel de Luxe d&#039;Abidjan","potentialAction":[{"@type":"SearchAction","target":{"@type":"EntryPoint","urlTemplate":"https:\/\/lamaisonpalmier.com\/?s={search_term_string}"},"query-input":{"@type":"PropertyValueSpecification","valueRequired":true,"valueName":"search_term_string"}}],"inLanguage":"en-GB"}]}},"_links":{"self":[{"href":"https:\/\/www.lamaisonpalmier.com\/en\/wp-json\/wp\/v2\/pages\/822","targetHints":{"allow":["GET"]}}],"collection":[{"href":"https:\/\/www.lamaisonpalmier.com\/en\/wp-json\/wp\/v2\/pages"}],"about":[{"href":"https:\/\/www.lamaisonpalmier.com\/en\/wp-json\/wp\/v2\/types\/page"}],"author":[{"embeddable":true,"href":"https:\/\/www.lamaisonpalmier.com\/en\/wp-json\/wp\/v2\/users\/10"}],"replies":[{"embeddable":true,"href":"https:\/\/www.lamaisonpalmier.com\/en\/wp-json\/wp\/v2\/comments?post=822"}],"version-history":[{"count":48,"href":"https:\/\/www.lamaisonpalmier.com\/en\/wp-json\/wp\/v2\/pages\/822\/revisions"}],"predecessor-version":[{"id":3863,"href":"https:\/\/www.lamaisonpalmier.com\/en\/wp-json\/wp\/v2\/pages\/822\/revisions\/3863"}],"wp:attachment":[{"href":"https:\/\/www.lamaisonpalmier.com\/en\/wp-json\/wp\/v2\/media?parent=822"}],"curies":[{"name":"wp","href":"https:\/\/api.w.org\/{rel}","templated":true}]}}